{"id":995,"date":"2026-01-22T21:26:03","date_gmt":"2026-01-22T20:26:03","guid":{"rendered":"https:\/\/formarch.hu\/?page_id=995"},"modified":"2026-02-24T22:36:27","modified_gmt":"2026-02-24T21:36:27","slug":"services","status":"publish","type":"page","link":"https:\/\/formarch.hu\/hu\/services\/","title":{"rendered":"SZOLG\u00c1LTAT\u00c1SOK"},"content":{"rendered":"<div data-elementor-type=\"wp-page\" data-elementor-id=\"995\" class=\"elementor elementor-995\" data-elementor-post-type=\"page\">\n\t\t\t\t<div class=\"elementor-element elementor-element-a3008f4 e-con-full e-flex e-con e-parent\" data-id=\"a3008f4\" data-element_type=\"container\" data-settings=\"{&quot;background_background&quot;:&quot;classic&quot;}\">\n\t\t<div class=\"elementor-element elementor-element-b5b90ab e-flex e-con-boxed e-con e-child\" data-id=\"b5b90ab\" data-element_type=\"container\">\n\t\t\t\t\t<div class=\"e-con-inner\">\n\t\t\t\t<div class=\"elementor-element elementor-element-aea68f2 elementor-widget elementor-widget-spacer\" data-id=\"aea68f2\" data-element_type=\"widget\" data-widget_type=\"spacer.default\">\n\t\t\t\t<div class=\"elementor-widget-container\">\n\t\t\t\t\t\t\t<div class=\"elementor-spacer\">\n\t\t\t<div class=\"elementor-spacer-inner\"><\/div>\n\t\t<\/div>\n\t\t\t\t\t\t<\/div>\n\t\t\t\t<\/div>\n\t\t\t\t<div class=\"elementor-element elementor-element-5f48819 elementor-invisible elementor-widget elementor-widget-heading\" data-id=\"5f48819\" data-element_type=\"widget\" data-settings=\"{&quot;_animation&quot;:&quot;fadeIn&quot;}\" data-widget_type=\"heading.default\">\n\t\t\t\t<div class=\"elementor-widget-container\">\n\t\t\t\t\t<h2 class=\"elementor-heading-title elementor-size-default\">Szolg\u00e1ltat\u00e1saink<\/h2>\t\t\t\t<\/div>\n\t\t\t\t<\/div>\n\t\t\t\t<div class=\"elementor-element elementor-element-89b68d7 elementor-invisible elementor-widget elementor-widget-text-editor\" data-id=\"89b68d7\" data-element_type=\"widget\" data-settings=\"{&quot;_animation&quot;:&quot;fadeIn&quot;}\" data-widget_type=\"text-editor.default\">\n\t\t\t\t<div class=\"elementor-widget-container\">\n\t\t\t\t\t\t\t\t\t<p>Egyedi, projektspecifikus anyagmegold\u00e1sokkal t\u00e1mogatjuk az \u00e9p\u00edt\u00e9szeket, bels\u0151\u00e9p\u00edt\u00e9szeket, fejleszt\u0151ket \u00e9s kivitelez\u0151ket, \u00f6tv\u00f6zve a tervez\u00e9si sz\u00e1nd\u00e9kot a m\u0171szaki teljes\u00edtm\u00e9nnyel.<br \/>Egy\u00fcttm\u0171k\u00f6d\u0151 \u00e9s prec\u00edz megk\u00f6zel\u00edt\u00e9s\u00fcnk szak\u00e9rt\u0151i tud\u00e1sra \u00e9s m\u00e9rn\u00f6ki ismeretekre \u00e9p\u00fcl, hogy az anyagv\u00e1laszt\u00e1s teljes m\u00e9rt\u00e9kben \u00f6sszhangban legyen az \u00e9p\u00edt\u00e9szeti elk\u00e9pzel\u00e9sekkel \u00e9s az egyes projektek funkcion\u00e1lis ig\u00e9nyeivel.<\/p>\t\t\t\t\t\t\t\t<\/div>\n\t\t\t\t<\/div>\n\t\t\t\t\t<\/div>\n\t\t\t\t<\/div>\n\t\t\t\t<\/div>\n\t\t<div class=\"elementor-element elementor-element-1c0d341 e-flex e-con-boxed e-con e-parent\" data-id=\"1c0d341\" data-element_type=\"container\" id=\"engineering-support\" data-settings=\"{&quot;background_background&quot;:&quot;classic&quot;}\">\n\t\t\t\t\t<div class=\"e-con-inner\">\n\t\t<div class=\"elementor-element elementor-element-6b6f4c3 e-con-full e-flex elementor-invisible e-con e-child\" data-id=\"6b6f4c3\" data-element_type=\"container\" data-settings=\"{&quot;animation&quot;:&quot;fadeInLeft&quot;}\">\n\t\t\t\t<div class=\"elementor-element elementor-element-24aa871 elementor-widget elementor-widget-image\" data-id=\"24aa871\" data-element_type=\"widget\" data-widget_type=\"image.default\">\n\t\t\t\t<div class=\"elementor-widget-container\">\n\t\t\t\t\t\t\t\t\t\t\t\t\t\t\t<img fetchpriority=\"high\" decoding=\"async\" width=\"746\" height=\"456\" src=\"https:\/\/formarch.hu\/wp-content\/uploads\/2026\/02\/636d3acb-80f8-4355-b81c-59a99c8e1297-e1771968159977.jpg\" class=\"attachment-large size-large wp-image-1469\" alt=\"\" srcset=\"https:\/\/formarch.hu\/wp-content\/uploads\/2026\/02\/636d3acb-80f8-4355-b81c-59a99c8e1297-e1771968159977.jpg 746w, https:\/\/formarch.hu\/wp-content\/uploads\/2026\/02\/636d3acb-80f8-4355-b81c-59a99c8e1297-e1771968159977-300x183.jpg 300w, https:\/\/formarch.hu\/wp-content\/uploads\/2026\/02\/636d3acb-80f8-4355-b81c-59a99c8e1297-e1771968159977-18x12.jpg 18w\" sizes=\"(max-width: 746px) 100vw, 746px\" \/>\t\t\t\t\t\t\t\t\t\t\t\t\t\t\t<\/div>\n\t\t\t\t<\/div>\n\t\t\t\t<\/div>\n\t\t<div class=\"elementor-element elementor-element-53c9d5f e-con-full e-flex elementor-invisible e-con e-child\" data-id=\"53c9d5f\" data-element_type=\"container\" data-settings=\"{&quot;animation&quot;:&quot;fadeInRight&quot;}\">\n\t\t\t\t<div class=\"elementor-element elementor-element-f3a5826 elementor-widget elementor-widget-heading\" data-id=\"f3a5826\" data-element_type=\"widget\" data-widget_type=\"heading.default\">\n\t\t\t\t<div class=\"elementor-widget-container\">\n\t\t\t\t\t<h2 class=\"elementor-heading-title elementor-size-default\">M\u00e9rn\u00f6ki t\u00e1mogat\u00e1s a kreat\u00edv szabads\u00e1ghoz<\/h2>\t\t\t\t<\/div>\n\t\t\t\t<\/div>\n\t\t\t\t<div class=\"elementor-element elementor-element-1d7f63f elementor-widget elementor-widget-text-editor\" data-id=\"1d7f63f\" data-element_type=\"widget\" data-widget_type=\"text-editor.default\">\n\t\t\t\t<div class=\"elementor-widget-container\">\n\t\t\t\t\t\t\t\t\t<div><p><span lang=\"HU\">M\u00e9rn\u00f6ki t\u00e1mogat\u00e1sunk intelligens, egyedi megold\u00e1sokat k\u00edn\u00e1l, amelyek seg\u00edts\u00e9g\u00e9vel a tervez\u0151k magabiztosan feszegethetik a kreativit\u00e1s hat\u00e1rait. A mer\u00e9sz \u00f6tleteket technikailag kifog\u00e1stalan eredm\u00e9nyekk\u00e9 alak\u00edtva t\u00e1mogatjuk az egyedi koncepci\u00f3kat, a z\u00f6kken\u0151mentes kivitelez\u00e9st, valamint az innovat\u00edv bels\u0151\u00e9p\u00edt\u00e9szeti \u00e9s \u00e9p\u00edt\u00e9szeti projekteket az \u00f6tlett\u0151l a megval\u00f3s\u00edt\u00e1sig.<\/span><\/p><\/div>\t\t\t\t\t\t\t\t<\/div>\n\t\t\t\t<\/div>\n\t\t\t\t<\/div>\n\t\t\t\t\t<\/div>\n\t\t\t\t<\/div>\n\t\t<div class=\"elementor-element elementor-element-b0f8ae5 e-flex e-con-boxed e-con e-parent\" data-id=\"b0f8ae5\" data-element_type=\"container\" id=\"supervision\" data-settings=\"{&quot;background_background&quot;:&quot;classic&quot;}\">\n\t\t\t\t\t<div class=\"e-con-inner\">\n\t\t<div class=\"elementor-element elementor-element-6cb6559 e-con-full e-flex elementor-invisible e-con e-child\" data-id=\"6cb6559\" data-element_type=\"container\" data-settings=\"{&quot;animation&quot;:&quot;fadeInLeft&quot;}\">\n\t\t\t\t<div class=\"elementor-element elementor-element-3b7bbdb elementor-widget elementor-widget-heading\" data-id=\"3b7bbdb\" data-element_type=\"widget\" data-widget_type=\"heading.default\">\n\t\t\t\t<div class=\"elementor-widget-container\">\n\t\t\t\t\t<h2 class=\"elementor-heading-title elementor-size-default\">Kiv\u00e9teles eredm\u00e9nyeket biztos\u00edt\u00f3 m\u0171szaki fel\u00fcgyelet<\/h2>\t\t\t\t<\/div>\n\t\t\t\t<\/div>\n\t\t\t\t<div class=\"elementor-element elementor-element-f8e8bc7 elementor-widget elementor-widget-text-editor\" data-id=\"f8e8bc7\" data-element_type=\"widget\" data-widget_type=\"text-editor.default\">\n\t\t\t\t<div class=\"elementor-widget-container\">\n\t\t\t\t\t\t\t\t\t<div><p><span lang=\"HU\">M\u0171szaki fel\u00fcgyeleti szolg\u00e1ltat\u00e1saink biztos\u00edtj\u00e1k a projektek sz\u00e1m\u00e1ra a sz\u00fcks\u00e9ges pontoss\u00e1got \u00e9s ellen\u0151rz\u00e9st, garant\u00e1lva, hogy a tervez\u0151i sz\u00e1nd\u00e9kok a helysz\u00ednen is pontosan megval\u00f3suljanak. A proakt\u00edv koordin\u00e1ci\u00f3 \u00e9s a vil\u00e1gos kommunik\u00e1ci\u00f3 kombin\u00e1l\u00e1s\u00e1val biztos\u00edtjuk a min\u0151s\u00e9get, racionaliz\u00e1ljuk a kivitelez\u00e9st, \u00e9s t\u00e1mogatjuk a tervez\u0151ket az \u00e9p\u00edtkez\u00e9s minden szakasz\u00e1ban.<\/span><\/p><\/div>\t\t\t\t\t\t\t\t<\/div>\n\t\t\t\t<\/div>\n\t\t\t\t<\/div>\n\t\t<div class=\"elementor-element elementor-element-7008e31 e-con-full e-flex elementor-invisible e-con e-child\" data-id=\"7008e31\" data-element_type=\"container\" data-settings=\"{&quot;animation&quot;:&quot;fadeInRight&quot;}\">\n\t\t\t\t<div class=\"elementor-element elementor-element-53201e2 elementor-widget elementor-widget-image\" data-id=\"53201e2\" data-element_type=\"widget\" data-widget_type=\"image.default\">\n\t\t\t\t<div class=\"elementor-widget-container\">\n\t\t\t\t\t\t\t\t\t\t\t\t\t\t\t<img decoding=\"async\" width=\"734\" height=\"555\" src=\"https:\/\/formarch.hu\/wp-content\/uploads\/2026\/02\/Acoust-It-Rotund-Felt-Wall-Panel-_-Moonon-e1771968935431.jpg\" class=\"attachment-large size-large wp-image-1535\" alt=\"\" srcset=\"https:\/\/formarch.hu\/wp-content\/uploads\/2026\/02\/Acoust-It-Rotund-Felt-Wall-Panel-_-Moonon-e1771968935431.jpg 734w, https:\/\/formarch.hu\/wp-content\/uploads\/2026\/02\/Acoust-It-Rotund-Felt-Wall-Panel-_-Moonon-e1771968935431-300x227.jpg 300w, https:\/\/formarch.hu\/wp-content\/uploads\/2026\/02\/Acoust-It-Rotund-Felt-Wall-Panel-_-Moonon-e1771968935431-16x12.jpg 16w\" sizes=\"(max-width: 734px) 100vw, 734px\" \/>\t\t\t\t\t\t\t\t\t\t\t\t\t\t\t<\/div>\n\t\t\t\t<\/div>\n\t\t\t\t<\/div>\n\t\t\t\t\t<\/div>\n\t\t\t\t<\/div>\n\t\t<div class=\"elementor-element elementor-element-a92346c e-flex e-con-boxed e-con e-parent\" data-id=\"a92346c\" data-element_type=\"container\" id=\"custom-solutions\" data-settings=\"{&quot;background_background&quot;:&quot;classic&quot;}\">\n\t\t\t\t\t<div class=\"e-con-inner\">\n\t\t<div class=\"elementor-element elementor-element-2ead554 e-con-full e-flex elementor-invisible e-con e-child\" data-id=\"2ead554\" data-element_type=\"container\" data-settings=\"{&quot;animation&quot;:&quot;fadeInLeft&quot;}\">\n\t\t\t\t<div class=\"elementor-element elementor-element-e73dd2c elementor-widget elementor-widget-image\" data-id=\"e73dd2c\" data-element_type=\"widget\" data-widget_type=\"image.default\">\n\t\t\t\t<div class=\"elementor-widget-container\">\n\t\t\t\t\t\t\t\t\t\t\t\t\t\t\t<img decoding=\"async\" width=\"800\" height=\"523\" src=\"https:\/\/formarch.hu\/wp-content\/uploads\/2026\/01\/003-2-1-e1771968970578.jpg\" class=\"attachment-large size-large wp-image-1025\" alt=\"\" srcset=\"https:\/\/formarch.hu\/wp-content\/uploads\/2026\/01\/003-2-1-e1771968970578.jpg 933w, https:\/\/formarch.hu\/wp-content\/uploads\/2026\/01\/003-2-1-e1771968970578-300x196.jpg 300w, https:\/\/formarch.hu\/wp-content\/uploads\/2026\/01\/003-2-1-e1771968970578-768x502.jpg 768w, https:\/\/formarch.hu\/wp-content\/uploads\/2026\/01\/003-2-1-e1771968970578-18x12.jpg 18w\" sizes=\"(max-width: 800px) 100vw, 800px\" \/>\t\t\t\t\t\t\t\t\t\t\t\t\t\t\t<\/div>\n\t\t\t\t<\/div>\n\t\t\t\t<\/div>\n\t\t<div class=\"elementor-element elementor-element-3b867dc e-con-full e-flex elementor-invisible e-con e-child\" data-id=\"3b867dc\" data-element_type=\"container\" data-settings=\"{&quot;animation&quot;:&quot;fadeInRight&quot;}\">\n\t\t\t\t<div class=\"elementor-element elementor-element-f74ea86 elementor-widget elementor-widget-heading\" data-id=\"f74ea86\" data-element_type=\"widget\" data-widget_type=\"heading.default\">\n\t\t\t\t<div class=\"elementor-widget-container\">\n\t\t\t\t\t<h2 class=\"elementor-heading-title elementor-size-default\">Egyedi megold\u00e1sok egyedi projektekhez<\/h2>\t\t\t\t<\/div>\n\t\t\t\t<\/div>\n\t\t\t\t<div class=\"elementor-element elementor-element-a111c16 elementor-widget elementor-widget-text-editor\" data-id=\"a111c16\" data-element_type=\"widget\" data-widget_type=\"text-editor.default\">\n\t\t\t\t<div class=\"elementor-widget-container\">\n\t\t\t\t\t\t\t\t\t<div><p><span lang=\"HU\">Testreszabott tervez\u00e9si \u00e9s m\u00e9rn\u00f6ki megold\u00e1sokat fejleszt\u00fcnk, amelyek minden projekt egyedi ig\u00e9nyeire reag\u00e1lnak. Az innovat\u00edv gondolkod\u00e1s \u00e9s a m\u0171szaki szak\u00e9rtelem \u00f6tv\u00f6z\u00e9s\u00e9vel seg\u00edt\u00fcnk az egyedi \u00f6tleteket val\u00f3s\u00e1gg\u00e1 alak\u00edtani \u2013 rugalmas, intelligens \u00e9s fant\u00e1ziad\u00fas megold\u00e1sokkal t\u00e1mogatjuk a tervez\u0151ket, amelyek minden teret felemelnek.<\/span><\/p><\/div>\t\t\t\t\t\t\t\t<\/div>\n\t\t\t\t<\/div>\n\t\t\t\t<\/div>\n\t\t\t\t\t<\/div>\n\t\t\t\t<\/div>\n\t\t\t\t<\/div>","protected":false},"excerpt":{"rendered":"<p>Our Services We support architects, interior designers, developers, and contractors with unique, project-specific material solutions, combining design intent with technical performance.Our approach is collaborative and precise, guided by expert knowledge and engineering insight to ensure material choices fully align with the architectural vision and the functional demands of each project. Engineering support for creative freedom [&hellip;]<\/p>","protected":false},"author":4,"featured_media":0,"parent":0,"menu_order":0,"comment_status":"closed","ping_status":"closed","template":"","meta":{"_acf_changed":false,"footnotes":""},"class_list":["post-995","page","type-page","status-publish","hentry"],"acf":[],"yoast_head":"<!-- This site is optimized with the Yoast SEO plugin v27.0 - https:\/\/yoast.com\/product\/yoast-seo-wordpress\/ -->\n<title>SERVICES - FORMARCH<\/title>\n<meta name=\"robots\" content=\"noindex, follow\" \/>\n<meta property=\"og:locale\" content=\"hu_HU\" \/>\n<meta property=\"og:type\" content=\"article\" \/>\n<meta property=\"og:title\" content=\"SERVICES - FORMARCH\" \/>\n<meta property=\"og:description\" content=\"Our Services We support architects, interior designers, developers, and contractors with unique, project-specific material solutions, combining design intent with technical performance.Our approach is collaborative and precise, guided by expert knowledge and engineering insight to ensure material choices fully align with the architectural vision and the functional demands of each project. Engineering support for creative freedom [&hellip;]\" \/>\n<meta property=\"og:url\" content=\"https:\/\/formarch.hu\/hu\/services\/\" \/>\n<meta property=\"og:site_name\" content=\"FORMARCH\" \/>\n<meta property=\"article:publisher\" content=\"https:\/\/www.facebook.com\/profile.php?id=61587144444090\" \/>\n<meta property=\"article:modified_time\" content=\"2026-02-24T21:36:27+00:00\" \/>\n<meta property=\"og:image\" content=\"https:\/\/formarch.hu\/wp-content\/uploads\/2026\/02\/636d3acb-80f8-4355-b81c-59a99c8e1297-e1771968159977.jpg\" \/>\n<meta name=\"twitter:card\" content=\"summary_large_image\" \/>\n<meta name=\"twitter:label1\" content=\"Becs\u00fclt olvas\u00e1si id\u0151\" \/>\n\t<meta name=\"twitter:data1\" content=\"2 perc\" \/>\n<script type=\"application\/ld+json\" class=\"yoast-schema-graph\">{\"@context\":\"https:\/\/schema.org\",\"@graph\":[{\"@type\":\"WebPage\",\"@id\":\"https:\/\/formarch.hu\/services\/\",\"url\":\"https:\/\/formarch.hu\/services\/\",\"name\":\"SERVICES - FORMARCH\",\"isPartOf\":{\"@id\":\"https:\/\/formarch.hu\/#website\"},\"primaryImageOfPage\":{\"@id\":\"https:\/\/formarch.hu\/services\/#primaryimage\"},\"image\":{\"@id\":\"https:\/\/formarch.hu\/services\/#primaryimage\"},\"thumbnailUrl\":\"https:\/\/formarch.hu\/wp-content\/uploads\/2026\/02\/636d3acb-80f8-4355-b81c-59a99c8e1297-e1771968159977.jpg\",\"datePublished\":\"2026-01-22T20:26:03+00:00\",\"dateModified\":\"2026-02-24T21:36:27+00:00\",\"breadcrumb\":{\"@id\":\"https:\/\/formarch.hu\/services\/#breadcrumb\"},\"inLanguage\":\"hu\",\"potentialAction\":[{\"@type\":\"ReadAction\",\"target\":[\"https:\/\/formarch.hu\/services\/\"]}]},{\"@type\":\"ImageObject\",\"inLanguage\":\"hu\",\"@id\":\"https:\/\/formarch.hu\/services\/#primaryimage\",\"url\":\"https:\/\/formarch.hu\/wp-content\/uploads\/2026\/02\/636d3acb-80f8-4355-b81c-59a99c8e1297-e1771968159977.jpg\",\"contentUrl\":\"https:\/\/formarch.hu\/wp-content\/uploads\/2026\/02\/636d3acb-80f8-4355-b81c-59a99c8e1297-e1771968159977.jpg\"},{\"@type\":\"BreadcrumbList\",\"@id\":\"https:\/\/formarch.hu\/services\/#breadcrumb\",\"itemListElement\":[{\"@type\":\"ListItem\",\"position\":1,\"name\":\"Kezd\u0151lap\",\"item\":\"https:\/\/formarch.hu\/\"},{\"@type\":\"ListItem\",\"position\":2,\"name\":\"SERVICES\"}]},{\"@type\":\"WebSite\",\"@id\":\"https:\/\/formarch.hu\/#website\",\"url\":\"https:\/\/formarch.hu\/\",\"name\":\"FORMARCH\",\"description\":\"SHAPING MODERN SPACES\",\"publisher\":{\"@id\":\"https:\/\/formarch.hu\/#organization\"},\"potentialAction\":[{\"@type\":\"SearchAction\",\"target\":{\"@type\":\"EntryPoint\",\"urlTemplate\":\"https:\/\/formarch.hu\/?s={search_term_string}\"},\"query-input\":{\"@type\":\"PropertyValueSpecification\",\"valueRequired\":true,\"valueName\":\"search_term_string\"}}],\"inLanguage\":\"hu\"},{\"@type\":\"Organization\",\"@id\":\"https:\/\/formarch.hu\/#organization\",\"name\":\"FORMARCH\",\"url\":\"https:\/\/formarch.hu\/\",\"logo\":{\"@type\":\"ImageObject\",\"inLanguage\":\"hu\",\"@id\":\"https:\/\/formarch.hu\/#\/schema\/logo\/image\/\",\"url\":\"https:\/\/formarch.hu\/wp-content\/uploads\/2026\/01\/FA-logo-black.png\",\"contentUrl\":\"https:\/\/formarch.hu\/wp-content\/uploads\/2026\/01\/FA-logo-black.png\",\"width\":440,\"height\":456,\"caption\":\"FORMARCH\"},\"image\":{\"@id\":\"https:\/\/formarch.hu\/#\/schema\/logo\/image\/\"},\"sameAs\":[\"https:\/\/www.facebook.com\/profile.php?id=61587144444090\",\"https:\/\/www.instagram.com\/formarch.hu\/\",\"https:\/\/www.linkedin.com\/company\/formarch-hu\/\"]}]}<\/script>\n<!-- \/ Yoast SEO plugin. -->","yoast_head_json":{"title":"SERVICES - FORMARCH","robots":{"index":"noindex","follow":"follow"},"og_locale":"hu_HU","og_type":"article","og_title":"SERVICES - FORMARCH","og_description":"Our Services We support architects, interior designers, developers, and contractors with unique, project-specific material solutions, combining design intent with technical performance.Our approach is collaborative and precise, guided by expert knowledge and engineering insight to ensure material choices fully align with the architectural vision and the functional demands of each project. Engineering support for creative freedom [&hellip;]","og_url":"https:\/\/formarch.hu\/hu\/services\/","og_site_name":"FORMARCH","article_publisher":"https:\/\/www.facebook.com\/profile.php?id=61587144444090","article_modified_time":"2026-02-24T21:36:27+00:00","og_image":[{"url":"https:\/\/formarch.hu\/wp-content\/uploads\/2026\/02\/636d3acb-80f8-4355-b81c-59a99c8e1297-e1771968159977.jpg","type":"","width":"","height":""}],"twitter_card":"summary_large_image","twitter_misc":{"Becs\u00fclt olvas\u00e1si id\u0151":"2 perc"},"schema":{"@context":"https:\/\/schema.org","@graph":[{"@type":"WebPage","@id":"https:\/\/formarch.hu\/services\/","url":"https:\/\/formarch.hu\/services\/","name":"SERVICES - FORMARCH","isPartOf":{"@id":"https:\/\/formarch.hu\/#website"},"primaryImageOfPage":{"@id":"https:\/\/formarch.hu\/services\/#primaryimage"},"image":{"@id":"https:\/\/formarch.hu\/services\/#primaryimage"},"thumbnailUrl":"https:\/\/formarch.hu\/wp-content\/uploads\/2026\/02\/636d3acb-80f8-4355-b81c-59a99c8e1297-e1771968159977.jpg","datePublished":"2026-01-22T20:26:03+00:00","dateModified":"2026-02-24T21:36:27+00:00","breadcrumb":{"@id":"https:\/\/formarch.hu\/services\/#breadcrumb"},"inLanguage":"hu","potentialAction":[{"@type":"ReadAction","target":["https:\/\/formarch.hu\/services\/"]}]},{"@type":"ImageObject","inLanguage":"hu","@id":"https:\/\/formarch.hu\/services\/#primaryimage","url":"https:\/\/formarch.hu\/wp-content\/uploads\/2026\/02\/636d3acb-80f8-4355-b81c-59a99c8e1297-e1771968159977.jpg","contentUrl":"https:\/\/formarch.hu\/wp-content\/uploads\/2026\/02\/636d3acb-80f8-4355-b81c-59a99c8e1297-e1771968159977.jpg"},{"@type":"BreadcrumbList","@id":"https:\/\/formarch.hu\/services\/#breadcrumb","itemListElement":[{"@type":"ListItem","position":1,"name":"Kezd\u0151lap","item":"https:\/\/formarch.hu\/"},{"@type":"ListItem","position":2,"name":"SERVICES"}]},{"@type":"WebSite","@id":"https:\/\/formarch.hu\/#website","url":"https:\/\/formarch.hu\/","name":"FORMARCH","description":"SHAPING MODERN SPACES","publisher":{"@id":"https:\/\/formarch.hu\/#organization"},"potentialAction":[{"@type":"SearchAction","target":{"@type":"EntryPoint","urlTemplate":"https:\/\/formarch.hu\/?s={search_term_string}"},"query-input":{"@type":"PropertyValueSpecification","valueRequired":true,"valueName":"search_term_string"}}],"inLanguage":"hu"},{"@type":"Organization","@id":"https:\/\/formarch.hu\/#organization","name":"FORMARCH","url":"https:\/\/formarch.hu\/","logo":{"@type":"ImageObject","inLanguage":"hu","@id":"https:\/\/formarch.hu\/#\/schema\/logo\/image\/","url":"https:\/\/formarch.hu\/wp-content\/uploads\/2026\/01\/FA-logo-black.png","contentUrl":"https:\/\/formarch.hu\/wp-content\/uploads\/2026\/01\/FA-logo-black.png","width":440,"height":456,"caption":"FORMARCH"},"image":{"@id":"https:\/\/formarch.hu\/#\/schema\/logo\/image\/"},"sameAs":["https:\/\/www.facebook.com\/profile.php?id=61587144444090","https:\/\/www.instagram.com\/formarch.hu\/","https:\/\/www.linkedin.com\/company\/formarch-hu\/"]}]}},"_links":{"self":[{"href":"https:\/\/formarch.hu\/hu\/wp-json\/wp\/v2\/pages\/995","targetHints":{"allow":["GET"]}}],"collection":[{"href":"https:\/\/formarch.hu\/hu\/wp-json\/wp\/v2\/pages"}],"about":[{"href":"https:\/\/formarch.hu\/hu\/wp-json\/wp\/v2\/types\/page"}],"author":[{"embeddable":true,"href":"https:\/\/formarch.hu\/hu\/wp-json\/wp\/v2\/users\/4"}],"replies":[{"embeddable":true,"href":"https:\/\/formarch.hu\/hu\/wp-json\/wp\/v2\/comments?post=995"}],"version-history":[{"count":19,"href":"https:\/\/formarch.hu\/hu\/wp-json\/wp\/v2\/pages\/995\/revisions"}],"predecessor-version":[{"id":1538,"href":"https:\/\/formarch.hu\/hu\/wp-json\/wp\/v2\/pages\/995\/revisions\/1538"}],"wp:attachment":[{"href":"https:\/\/formarch.hu\/hu\/wp-json\/wp\/v2\/media?parent=995"}],"curies":[{"name":"munkaf\u00fczet","href":"https:\/\/api.w.org\/{rel}","templated":true}]}}