{"id":977,"date":"2026-01-22T19:34:46","date_gmt":"2026-01-22T18:34:46","guid":{"rendered":"https:\/\/formarch.hu\/?page_id=977"},"modified":"2026-02-24T21:25:41","modified_gmt":"2026-02-24T20:25:41","slug":"about-us","status":"publish","type":"page","link":"https:\/\/formarch.hu\/hu\/about-us\/","title":{"rendered":"R\u00d3LUNK"},"content":{"rendered":"<div data-elementor-type=\"wp-page\" data-elementor-id=\"977\" class=\"elementor elementor-977\" data-elementor-post-type=\"page\">\n\t\t\t\t<div class=\"elementor-element elementor-element-a3008f4 e-con-full e-flex e-con e-parent\" data-id=\"a3008f4\" data-element_type=\"container\" data-settings=\"{&quot;background_background&quot;:&quot;classic&quot;,&quot;animation&quot;:&quot;none&quot;}\">\n\t\t<div class=\"elementor-element elementor-element-295e2c5 e-flex e-con-boxed e-con e-child\" data-id=\"295e2c5\" data-element_type=\"container\">\n\t\t\t\t\t<div class=\"e-con-inner\">\n\t\t\t\t<div class=\"elementor-element elementor-element-aea68f2 elementor-widget elementor-widget-spacer\" data-id=\"aea68f2\" data-element_type=\"widget\" data-widget_type=\"spacer.default\">\n\t\t\t\t<div class=\"elementor-widget-container\">\n\t\t\t\t\t\t\t<div class=\"elementor-spacer\">\n\t\t\t<div class=\"elementor-spacer-inner\"><\/div>\n\t\t<\/div>\n\t\t\t\t\t\t<\/div>\n\t\t\t\t<\/div>\n\t\t\t\t<div class=\"elementor-element elementor-element-5f48819 elementor-invisible elementor-widget elementor-widget-heading\" data-id=\"5f48819\" data-element_type=\"widget\" data-settings=\"{&quot;_animation&quot;:&quot;fadeIn&quot;}\" data-widget_type=\"heading.default\">\n\t\t\t\t<div class=\"elementor-widget-container\">\n\t\t\t\t\t<h2 class=\"elementor-heading-title elementor-size-default\">R\u00f3lunk<\/h2>\t\t\t\t<\/div>\n\t\t\t\t<\/div>\n\t\t\t\t<div class=\"elementor-element elementor-element-e2970d0 elementor-invisible elementor-widget elementor-widget-text-editor\" data-id=\"e2970d0\" data-element_type=\"widget\" data-settings=\"{&quot;_animation&quot;:&quot;fadeIn&quot;}\" data-widget_type=\"text-editor.default\">\n\t\t\t\t<div class=\"elementor-widget-container\">\n\t\t\t\t\t\t\t\t\t<div><span lang=\"HU\">A FORMARCH egy \u00e9p\u00edt\u00e9szeti tan\u00e1csad\u00f3 \u00e9s k\u00e9pviseleti st\u00fadi\u00f3, amely kiv\u00e1lasztott nemzetk\u00f6zi gy\u00e1rt\u00f3kkal egy\u00fcttm\u0171k\u00f6dve t\u00e1mogatja a kort\u00e1rs \u00e9p\u00edt\u00e9szet \u00e9s bels\u0151\u00e9p\u00edt\u00e9szet szerepl\u0151it.<\/span><\/div>\t\t\t\t\t\t\t\t<\/div>\n\t\t\t\t<\/div>\n\t\t\t\t\t<\/div>\n\t\t\t\t<\/div>\n\t\t\t\t<\/div>\n\t\t<div class=\"elementor-element elementor-element-1c0d341 e-flex e-con-boxed e-con e-parent\" data-id=\"1c0d341\" data-element_type=\"container\" data-settings=\"{&quot;background_background&quot;:&quot;classic&quot;}\">\n\t\t\t\t\t<div class=\"e-con-inner\">\n\t\t<div class=\"elementor-element elementor-element-6b6f4c3 e-con-full e-flex elementor-invisible e-con e-child\" data-id=\"6b6f4c3\" data-element_type=\"container\" data-settings=\"{&quot;animation&quot;:&quot;fadeInLeft&quot;}\">\n\t\t\t\t<div class=\"elementor-element elementor-element-24aa871 elementor-widget elementor-widget-image\" data-id=\"24aa871\" data-element_type=\"widget\" data-widget_type=\"image.default\">\n\t\t\t\t<div class=\"elementor-widget-container\">\n\t\t\t\t\t\t\t\t\t\t\t\t\t\t\t<img fetchpriority=\"high\" decoding=\"async\" width=\"800\" height=\"575\" src=\"https:\/\/formarch.hu\/wp-content\/uploads\/2026\/02\/153-copy-1024x736.jpg\" class=\"attachment-large size-large wp-image-1436\" alt=\"\" srcset=\"https:\/\/formarch.hu\/wp-content\/uploads\/2026\/02\/153-copy-1024x736.jpg 1024w, https:\/\/formarch.hu\/wp-content\/uploads\/2026\/02\/153-copy-300x216.jpg 300w, https:\/\/formarch.hu\/wp-content\/uploads\/2026\/02\/153-copy-768x552.jpg 768w, https:\/\/formarch.hu\/wp-content\/uploads\/2026\/02\/153-copy-1536x1104.jpg 1536w, https:\/\/formarch.hu\/wp-content\/uploads\/2026\/02\/153-copy-2048x1473.jpg 2048w, https:\/\/formarch.hu\/wp-content\/uploads\/2026\/02\/153-copy-18x12.jpg 18w\" sizes=\"(max-width: 800px) 100vw, 800px\" \/>\t\t\t\t\t\t\t\t\t\t\t\t\t\t\t<\/div>\n\t\t\t\t<\/div>\n\t\t\t\t<\/div>\n\t\t<div class=\"elementor-element elementor-element-53c9d5f e-con-full e-flex elementor-invisible e-con e-child\" data-id=\"53c9d5f\" data-element_type=\"container\" data-settings=\"{&quot;animation&quot;:&quot;fadeInRight&quot;}\">\n\t\t\t\t<div class=\"elementor-element elementor-element-f3a5826 elementor-widget elementor-widget-heading\" data-id=\"f3a5826\" data-element_type=\"widget\" data-widget_type=\"heading.default\">\n\t\t\t\t<div class=\"elementor-widget-container\">\n\t\t\t\t\t<h2 class=\"elementor-heading-title elementor-size-default\">C\u00c9G\u00dcNK<\/h2>\t\t\t\t<\/div>\n\t\t\t\t<\/div>\n\t\t\t\t<div class=\"elementor-element elementor-element-1d7f63f elementor-widget elementor-widget-text-editor\" data-id=\"1d7f63f\" data-element_type=\"widget\" data-widget_type=\"text-editor.default\">\n\t\t\t\t<div class=\"elementor-widget-container\">\n\t\t\t\t\t\t\t\t\t<div><p><span lang=\"HU\">A FORMARCH olyan nemzetk\u00f6zi gy\u00e1rt\u00f3k gondosan \u00f6ssze\u00e1ll\u00edtott portf\u00f3li\u00f3j\u00e1t k\u00e9pviseli, amelyek term\u00e9kei a legmagasabb min\u0151s\u00e9gi, tart\u00f3ss\u00e1gi \u00e9s tervez\u00e9si k\u00f6vetelm\u00e9nyeknek megfelelnek.\nA tervez\u00e9si \u00e9s kivitelez\u00e9si folyamatok professzion\u00e1lis partnerek\u00e9nt m\u0171k\u00f6d\u00fcnk, m\u00e9rn\u00f6ki t\u00e1mogat\u00e1st, m\u0171szaki koordin\u00e1ci\u00f3t \u00e9s szem\u00e9lyre szabott anyagv\u00e1laszt\u00e1si tan\u00e1csad\u00e1st ny\u00fajtunk a koncepci\u00f3t\u00f3l a kivitelez\u00e9sig.\nF\u0151k\u00e9nt a magas min\u0151s\u00e9g\u0171 \u00e9p\u00edt\u00e9szeti \u00e9p\u00fcletekre \u00e9s kereskedelmi bels\u0151 terekre koncentr\u00e1lunk.<br \/>Szakmai partnerk\u00e9nt m\u0171k\u00f6d\u00fcnk a tervez\u00e9si \u00e9s kivitelez\u00e9si folyamatokban, m\u00e9rn\u00f6ki t\u00e1mogat\u00e1st, m\u0171szaki koordin\u00e1ci\u00f3t \u00e9s szem\u00e9lyre szabott anyagtan\u00e1csad\u00e1st ny\u00fajtva a koncepci\u00f3t\u00f3l a kivitelez\u00e9sig.<\/span><\/p><\/div><div><p><span lang=\"HU\">F\u0151k\u00e9nt a magas min\u0151s\u00e9g\u0171 \u00e9p\u00edt\u00e9szeti \u00e9p\u00fcletekre \u00e9s ig\u00e9nyes bels\u0151 terekre koncentr\u00e1lunk.<\/span><\/p><\/div>\t\t\t\t\t\t\t\t<\/div>\n\t\t\t\t<\/div>\n\t\t\t\t<\/div>\n\t\t\t\t\t<\/div>\n\t\t\t\t<\/div>\n\t\t<div class=\"elementor-element elementor-element-b0f8ae5 e-flex e-con-boxed e-con e-parent\" data-id=\"b0f8ae5\" data-element_type=\"container\" data-settings=\"{&quot;background_background&quot;:&quot;classic&quot;}\">\n\t\t\t\t\t<div class=\"e-con-inner\">\n\t\t<div class=\"elementor-element elementor-element-6cb6559 e-con-full e-flex elementor-invisible e-con e-child\" data-id=\"6cb6559\" data-element_type=\"container\" data-settings=\"{&quot;animation&quot;:&quot;fadeInLeft&quot;}\">\n\t\t\t\t<div class=\"elementor-element elementor-element-3b7bbdb elementor-widget elementor-widget-heading\" data-id=\"3b7bbdb\" data-element_type=\"widget\" data-widget_type=\"heading.default\">\n\t\t\t\t<div class=\"elementor-widget-container\">\n\t\t\t\t\t<h2 class=\"elementor-heading-title elementor-size-default\">K\u00dcLDET\u00c9S\u00dcNK<\/h2>\t\t\t\t<\/div>\n\t\t\t\t<\/div>\n\t\t\t\t<div class=\"elementor-element elementor-element-f8e8bc7 elementor-widget elementor-widget-text-editor\" data-id=\"f8e8bc7\" data-element_type=\"widget\" data-widget_type=\"text-editor.default\">\n\t\t\t\t<div class=\"elementor-widget-container\">\n\t\t\t\t\t\t\t\t\t<div><p><span lang=\"HU\">K\u00fcldet\u00e9s\u00fcnk, hogy <strong>egyedi anyagmegold\u00e1sokat<\/strong> k\u00edn\u00e1ljunk, amelyek jav\u00edtj\u00e1k az \u00e9p\u00edt\u00e9szeti min\u0151s\u00e9get \u00e9s t\u00e1mogatj\u00e1k az \u00e1tgondolt tervez\u00e9st.<br \/>C\u00e9lunk, hogy a tervez\u0151 szakembereket gondosan kiv\u00e1lasztott anyagokkal \u00f6sszek\u00f6ss\u00fck, biztos\u00edtva ezzel minden projekt egy\u00e9rtelm\u0171s\u00e9g\u00e9t, megb\u00edzhat\u00f3s\u00e1g\u00e1t \u00e9s hossz\u00fa t\u00e1v\u00fa \u00e9rt\u00e9k\u00e9t.<\/span><\/p><\/div><div><p><span lang=\"HU\">A FORMARCH megb\u00edzhat\u00f3 partnerk\u00e9nt m\u0171k\u00f6dik, seg\u00edtve a tervez\u00e9si koncepci\u00f3k kifinomult \u00e9p\u00edtett k\u00f6rnyezett\u00e9 alak\u00edt\u00e1s\u00e1t.<\/span><\/p><\/div>\t\t\t\t\t\t\t\t<\/div>\n\t\t\t\t<\/div>\n\t\t\t\t<\/div>\n\t\t<div class=\"elementor-element elementor-element-7008e31 e-con-full e-flex elementor-invisible e-con e-child\" data-id=\"7008e31\" data-element_type=\"container\" data-settings=\"{&quot;animation&quot;:&quot;fadeInRight&quot;}\">\n\t\t\t\t<div class=\"elementor-element elementor-element-53201e2 elementor-widget elementor-widget-image\" data-id=\"53201e2\" data-element_type=\"widget\" data-widget_type=\"image.default\">\n\t\t\t\t<div class=\"elementor-widget-container\">\n\t\t\t\t\t\t\t\t\t\t\t\t\t\t\t<img decoding=\"async\" width=\"735\" height=\"576\" src=\"https:\/\/formarch.hu\/wp-content\/uploads\/2026\/02\/Gallery-of-Facade-Cladding-Pattern-Cut-Metal-4-e1771964619835.jpg\" class=\"attachment-large size-large wp-image-1473\" alt=\"\" srcset=\"https:\/\/formarch.hu\/wp-content\/uploads\/2026\/02\/Gallery-of-Facade-Cladding-Pattern-Cut-Metal-4-e1771964619835.jpg 735w, https:\/\/formarch.hu\/wp-content\/uploads\/2026\/02\/Gallery-of-Facade-Cladding-Pattern-Cut-Metal-4-e1771964619835-300x235.jpg 300w, https:\/\/formarch.hu\/wp-content\/uploads\/2026\/02\/Gallery-of-Facade-Cladding-Pattern-Cut-Metal-4-e1771964619835-15x12.jpg 15w\" sizes=\"(max-width: 735px) 100vw, 735px\" \/>\t\t\t\t\t\t\t\t\t\t\t\t\t\t\t<\/div>\n\t\t\t\t<\/div>\n\t\t\t\t<\/div>\n\t\t\t\t\t<\/div>\n\t\t\t\t<\/div>\n\t\t\t\t<\/div>","protected":false},"excerpt":{"rendered":"<p>About us FORMARCH is an architectural consultancy and representation studio partnering with selected international manufacturers to support excellence in contemporary architecture and interior design. OUR COMPANY FORMARCH represents a curated portfolio of international manufacturers whose products meet the highest standards of quality, durability, and design integrity.We operate as a professional partner to design and construction [&hellip;]<\/p>","protected":false},"author":4,"featured_media":0,"parent":0,"menu_order":0,"comment_status":"closed","ping_status":"closed","template":"","meta":{"_acf_changed":false,"footnotes":""},"class_list":["post-977","page","type-page","status-publish","hentry"],"acf":[],"yoast_head":"<!-- This site is optimized with the Yoast SEO plugin v27.0 - https:\/\/yoast.com\/product\/yoast-seo-wordpress\/ -->\n<title>ABOUT US - FORMARCH<\/title>\n<meta name=\"robots\" content=\"noindex, follow\" \/>\n<meta property=\"og:locale\" content=\"hu_HU\" \/>\n<meta property=\"og:type\" content=\"article\" \/>\n<meta property=\"og:title\" content=\"ABOUT US - FORMARCH\" \/>\n<meta property=\"og:description\" content=\"About us FORMARCH is an architectural consultancy and representation studio partnering with selected international manufacturers to support excellence in contemporary architecture and interior design. OUR COMPANY FORMARCH represents a curated portfolio of international manufacturers whose products meet the highest standards of quality, durability, and design integrity.We operate as a professional partner to design and construction [&hellip;]\" \/>\n<meta property=\"og:url\" content=\"https:\/\/formarch.hu\/hu\/about-us\/\" \/>\n<meta property=\"og:site_name\" content=\"FORMARCH\" \/>\n<meta property=\"article:publisher\" content=\"https:\/\/www.facebook.com\/profile.php?id=61587144444090\" \/>\n<meta property=\"article:modified_time\" content=\"2026-02-24T20:25:41+00:00\" \/>\n<meta property=\"og:image\" content=\"https:\/\/formarch.hu\/wp-content\/uploads\/2026\/02\/153-copy-scaled.jpg\" \/>\n\t<meta property=\"og:image:width\" content=\"2560\" \/>\n\t<meta property=\"og:image:height\" content=\"1841\" \/>\n\t<meta property=\"og:image:type\" content=\"image\/jpeg\" \/>\n<meta name=\"twitter:card\" content=\"summary_large_image\" \/>\n<meta name=\"twitter:label1\" content=\"Becs\u00fclt olvas\u00e1si id\u0151\" \/>\n\t<meta name=\"twitter:data1\" content=\"2 perc\" \/>\n<script type=\"application\/ld+json\" class=\"yoast-schema-graph\">{\"@context\":\"https:\/\/schema.org\",\"@graph\":[{\"@type\":\"WebPage\",\"@id\":\"https:\/\/formarch.hu\/about-us\/\",\"url\":\"https:\/\/formarch.hu\/about-us\/\",\"name\":\"ABOUT US - FORMARCH\",\"isPartOf\":{\"@id\":\"https:\/\/formarch.hu\/#website\"},\"primaryImageOfPage\":{\"@id\":\"https:\/\/formarch.hu\/about-us\/#primaryimage\"},\"image\":{\"@id\":\"https:\/\/formarch.hu\/about-us\/#primaryimage\"},\"thumbnailUrl\":\"https:\/\/formarch.hu\/wp-content\/uploads\/2026\/02\/153-copy-1024x736.jpg\",\"datePublished\":\"2026-01-22T18:34:46+00:00\",\"dateModified\":\"2026-02-24T20:25:41+00:00\",\"breadcrumb\":{\"@id\":\"https:\/\/formarch.hu\/about-us\/#breadcrumb\"},\"inLanguage\":\"hu\",\"potentialAction\":[{\"@type\":\"ReadAction\",\"target\":[\"https:\/\/formarch.hu\/about-us\/\"]}]},{\"@type\":\"ImageObject\",\"inLanguage\":\"hu\",\"@id\":\"https:\/\/formarch.hu\/about-us\/#primaryimage\",\"url\":\"https:\/\/formarch.hu\/wp-content\/uploads\/2026\/02\/153-copy-1024x736.jpg\",\"contentUrl\":\"https:\/\/formarch.hu\/wp-content\/uploads\/2026\/02\/153-copy-1024x736.jpg\"},{\"@type\":\"BreadcrumbList\",\"@id\":\"https:\/\/formarch.hu\/about-us\/#breadcrumb\",\"itemListElement\":[{\"@type\":\"ListItem\",\"position\":1,\"name\":\"Kezd\u0151lap\",\"item\":\"https:\/\/formarch.hu\/\"},{\"@type\":\"ListItem\",\"position\":2,\"name\":\"ABOUT US\"}]},{\"@type\":\"WebSite\",\"@id\":\"https:\/\/formarch.hu\/#website\",\"url\":\"https:\/\/formarch.hu\/\",\"name\":\"FORMARCH\",\"description\":\"SHAPING MODERN SPACES\",\"publisher\":{\"@id\":\"https:\/\/formarch.hu\/#organization\"},\"potentialAction\":[{\"@type\":\"SearchAction\",\"target\":{\"@type\":\"EntryPoint\",\"urlTemplate\":\"https:\/\/formarch.hu\/?s={search_term_string}\"},\"query-input\":{\"@type\":\"PropertyValueSpecification\",\"valueRequired\":true,\"valueName\":\"search_term_string\"}}],\"inLanguage\":\"hu\"},{\"@type\":\"Organization\",\"@id\":\"https:\/\/formarch.hu\/#organization\",\"name\":\"FORMARCH\",\"url\":\"https:\/\/formarch.hu\/\",\"logo\":{\"@type\":\"ImageObject\",\"inLanguage\":\"hu\",\"@id\":\"https:\/\/formarch.hu\/#\/schema\/logo\/image\/\",\"url\":\"https:\/\/formarch.hu\/wp-content\/uploads\/2026\/01\/FA-logo-black.png\",\"contentUrl\":\"https:\/\/formarch.hu\/wp-content\/uploads\/2026\/01\/FA-logo-black.png\",\"width\":440,\"height\":456,\"caption\":\"FORMARCH\"},\"image\":{\"@id\":\"https:\/\/formarch.hu\/#\/schema\/logo\/image\/\"},\"sameAs\":[\"https:\/\/www.facebook.com\/profile.php?id=61587144444090\",\"https:\/\/www.instagram.com\/formarch.hu\/\",\"https:\/\/www.linkedin.com\/company\/formarch-hu\/\"]}]}<\/script>\n<!-- \/ Yoast SEO plugin. -->","yoast_head_json":{"title":"ABOUT US - FORMARCH","robots":{"index":"noindex","follow":"follow"},"og_locale":"hu_HU","og_type":"article","og_title":"ABOUT US - FORMARCH","og_description":"About us FORMARCH is an architectural consultancy and representation studio partnering with selected international manufacturers to support excellence in contemporary architecture and interior design. OUR COMPANY FORMARCH represents a curated portfolio of international manufacturers whose products meet the highest standards of quality, durability, and design integrity.We operate as a professional partner to design and construction [&hellip;]","og_url":"https:\/\/formarch.hu\/hu\/about-us\/","og_site_name":"FORMARCH","article_publisher":"https:\/\/www.facebook.com\/profile.php?id=61587144444090","article_modified_time":"2026-02-24T20:25:41+00:00","og_image":[{"width":2560,"height":1841,"url":"https:\/\/formarch.hu\/wp-content\/uploads\/2026\/02\/153-copy-scaled.jpg","type":"image\/jpeg"}],"twitter_card":"summary_large_image","twitter_misc":{"Becs\u00fclt olvas\u00e1si id\u0151":"2 perc"},"schema":{"@context":"https:\/\/schema.org","@graph":[{"@type":"WebPage","@id":"https:\/\/formarch.hu\/about-us\/","url":"https:\/\/formarch.hu\/about-us\/","name":"ABOUT US - FORMARCH","isPartOf":{"@id":"https:\/\/formarch.hu\/#website"},"primaryImageOfPage":{"@id":"https:\/\/formarch.hu\/about-us\/#primaryimage"},"image":{"@id":"https:\/\/formarch.hu\/about-us\/#primaryimage"},"thumbnailUrl":"https:\/\/formarch.hu\/wp-content\/uploads\/2026\/02\/153-copy-1024x736.jpg","datePublished":"2026-01-22T18:34:46+00:00","dateModified":"2026-02-24T20:25:41+00:00","breadcrumb":{"@id":"https:\/\/formarch.hu\/about-us\/#breadcrumb"},"inLanguage":"hu","potentialAction":[{"@type":"ReadAction","target":["https:\/\/formarch.hu\/about-us\/"]}]},{"@type":"ImageObject","inLanguage":"hu","@id":"https:\/\/formarch.hu\/about-us\/#primaryimage","url":"https:\/\/formarch.hu\/wp-content\/uploads\/2026\/02\/153-copy-1024x736.jpg","contentUrl":"https:\/\/formarch.hu\/wp-content\/uploads\/2026\/02\/153-copy-1024x736.jpg"},{"@type":"BreadcrumbList","@id":"https:\/\/formarch.hu\/about-us\/#breadcrumb","itemListElement":[{"@type":"ListItem","position":1,"name":"Kezd\u0151lap","item":"https:\/\/formarch.hu\/"},{"@type":"ListItem","position":2,"name":"ABOUT US"}]},{"@type":"WebSite","@id":"https:\/\/formarch.hu\/#website","url":"https:\/\/formarch.hu\/","name":"FORMARCH","description":"SHAPING MODERN SPACES","publisher":{"@id":"https:\/\/formarch.hu\/#organization"},"potentialAction":[{"@type":"SearchAction","target":{"@type":"EntryPoint","urlTemplate":"https:\/\/formarch.hu\/?s={search_term_string}"},"query-input":{"@type":"PropertyValueSpecification","valueRequired":true,"valueName":"search_term_string"}}],"inLanguage":"hu"},{"@type":"Organization","@id":"https:\/\/formarch.hu\/#organization","name":"FORMARCH","url":"https:\/\/formarch.hu\/","logo":{"@type":"ImageObject","inLanguage":"hu","@id":"https:\/\/formarch.hu\/#\/schema\/logo\/image\/","url":"https:\/\/formarch.hu\/wp-content\/uploads\/2026\/01\/FA-logo-black.png","contentUrl":"https:\/\/formarch.hu\/wp-content\/uploads\/2026\/01\/FA-logo-black.png","width":440,"height":456,"caption":"FORMARCH"},"image":{"@id":"https:\/\/formarch.hu\/#\/schema\/logo\/image\/"},"sameAs":["https:\/\/www.facebook.com\/profile.php?id=61587144444090","https:\/\/www.instagram.com\/formarch.hu\/","https:\/\/www.linkedin.com\/company\/formarch-hu\/"]}]}},"_links":{"self":[{"href":"https:\/\/formarch.hu\/hu\/wp-json\/wp\/v2\/pages\/977","targetHints":{"allow":["GET"]}}],"collection":[{"href":"https:\/\/formarch.hu\/hu\/wp-json\/wp\/v2\/pages"}],"about":[{"href":"https:\/\/formarch.hu\/hu\/wp-json\/wp\/v2\/types\/page"}],"author":[{"embeddable":true,"href":"https:\/\/formarch.hu\/hu\/wp-json\/wp\/v2\/users\/4"}],"replies":[{"embeddable":true,"href":"https:\/\/formarch.hu\/hu\/wp-json\/wp\/v2\/comments?post=977"}],"version-history":[{"count":35,"href":"https:\/\/formarch.hu\/hu\/wp-json\/wp\/v2\/pages\/977\/revisions"}],"predecessor-version":[{"id":1480,"href":"https:\/\/formarch.hu\/hu\/wp-json\/wp\/v2\/pages\/977\/revisions\/1480"}],"wp:attachment":[{"href":"https:\/\/formarch.hu\/hu\/wp-json\/wp\/v2\/media?parent=977"}],"curies":[{"name":"munkaf\u00fczet","href":"https:\/\/api.w.org\/{rel}","templated":true}]}}