{"id":895,"date":"2026-01-12T20:40:18","date_gmt":"2026-01-12T19:40:18","guid":{"rendered":"https:\/\/formarch.hu\/?page_id=895"},"modified":"2026-02-23T14:01:06","modified_gmt":"2026-02-23T13:01:06","slug":"contact","status":"publish","type":"page","link":"https:\/\/formarch.hu\/hu\/contact\/","title":{"rendered":"KAPCSOLAT"},"content":{"rendered":"<div data-elementor-type=\"wp-page\" data-elementor-id=\"895\" class=\"elementor elementor-895\" data-elementor-post-type=\"page\">\n\t\t\t\t<div class=\"elementor-element elementor-element-435b77c9 e-flex e-con-boxed e-con e-parent\" data-id=\"435b77c9\" data-element_type=\"container\" data-settings=\"{&quot;background_background&quot;:&quot;classic&quot;}\">\n\t\t\t\t\t<div class=\"e-con-inner\">\n\t\t\t\t<div class=\"elementor-element elementor-element-4b29e934 elementor-widget elementor-widget-heading\" data-id=\"4b29e934\" data-element_type=\"widget\" data-widget_type=\"heading.default\">\n\t\t\t\t<div class=\"elementor-widget-container\">\n\t\t\t\t\t<h1 class=\"elementor-heading-title elementor-size-default\">KAPCSOLAT<\/h1>\t\t\t\t<\/div>\n\t\t\t\t<\/div>\n\t\t\t\t<div class=\"elementor-element elementor-element-1e2b585c elementor-widget elementor-widget-text-editor\" data-id=\"1e2b585c\" data-element_type=\"widget\" data-widget_type=\"text-editor.default\">\n\t\t\t\t<div class=\"elementor-widget-container\">\n\t\t\t\t\t\t\t\t\t<p class=\"p1\">Vegye fel vel\u00fcnk a kapcsolatot!<\/p>\t\t\t\t\t\t\t\t<\/div>\n\t\t\t\t<\/div>\n\t\t\t\t<div class=\"elementor-element elementor-element-94f56f6 elementor-widget elementor-widget-text-editor\" data-id=\"94f56f6\" data-element_type=\"widget\" data-widget_type=\"text-editor.default\">\n\t\t\t\t<div class=\"elementor-widget-container\">\n\t\t\t\t\t\t\t\t\t<p class=\"p1\"><strong>hello@formarch.hu | +36 70 380 3087<\/strong><\/p>\t\t\t\t\t\t\t\t<\/div>\n\t\t\t\t<\/div>\n\t\t\t\t\t<\/div>\n\t\t\t\t<\/div>\n\t\t<div class=\"elementor-element elementor-element-3a84c836 e-con-full e-flex e-con e-parent\" data-id=\"3a84c836\" data-element_type=\"container\" data-settings=\"{&quot;background_background&quot;:&quot;classic&quot;,&quot;background_motion_fx_motion_fx_scrolling&quot;:&quot;yes&quot;,&quot;background_motion_fx_translateY_effect&quot;:&quot;yes&quot;,&quot;background_motion_fx_translateY_speed&quot;:{&quot;unit&quot;:&quot;px&quot;,&quot;size&quot;:5,&quot;sizes&quot;:[]},&quot;background_motion_fx_translateY_affectedRange&quot;:{&quot;unit&quot;:&quot;%&quot;,&quot;size&quot;:&quot;&quot;,&quot;sizes&quot;:{&quot;start&quot;:0,&quot;end&quot;:100}},&quot;background_motion_fx_devices&quot;:[&quot;desktop&quot;,&quot;tablet&quot;,&quot;mobile&quot;]}\">\n\t\t<div class=\"elementor-element elementor-element-9d5fd07 e-con-full e-flex e-con e-child\" data-id=\"9d5fd07\" data-element_type=\"container\">\n\t\t\t\t<div class=\"elementor-element elementor-element-888c475 elementor-widget elementor-widget-heading\" data-id=\"888c475\" data-element_type=\"widget\" data-widget_type=\"heading.default\">\n\t\t\t\t<div class=\"elementor-widget-container\">\n\t\t\t\t\t<h2 class=\"elementor-heading-title elementor-size-default\">Projekt \u00e9rdekl\u0151d\u00e9s<\/h2>\t\t\t\t<\/div>\n\t\t\t\t<\/div>\n\t\t\t\t<div class=\"elementor-element elementor-element-e290fe1 elementor-button-align-stretch elementor-widget elementor-widget-form\" data-id=\"e290fe1\" data-element_type=\"widget\" data-settings=\"{&quot;step_next_label&quot;:&quot;K\\u00f6vetkez\\u0151&quot;,&quot;step_previous_label&quot;:&quot;El\\u0151z\\u0151&quot;,&quot;button_width&quot;:&quot;100&quot;,&quot;step_type&quot;:&quot;number_text&quot;,&quot;step_icon_shape&quot;:&quot;circle&quot;}\" data-widget_type=\"form.default\">\n\t\t\t\t<div class=\"elementor-widget-container\">\n\t\t\t\t\t\t\t<form class=\"elementor-form\" method=\"post\" name=\"\u00daj \u0171rlap\" action=\"\">\n\t\t\t<input type=\"hidden\" name=\"post_id\" value=\"895\"\/>\n\t\t\t<input type=\"hidden\" name=\"form_id\" value=\"e290fe1\"\/>\n\t\t\t<input type=\"hidden\" name=\"referer_title\" value=\"CONTACT - FORMARCH\" \/>\n\n\t\t\t\t\t\t\t<input type=\"hidden\" name=\"queried_id\" value=\"895\"\/>\n\t\t\t\n\t\t\t<div class=\"elementor-form-fields-wrapper elementor-labels-\">\n\t\t\t\t\t\t\t\t<div class=\"elementor-field-type-text elementor-field-group elementor-column elementor-field-group-name elementor-col-100 elementor-field-required\">\n\t\t\t\t\t\t\t\t\t\t\t\t<label for=\"form-field-name\" class=\"elementor-field-label elementor-screen-only\">\n\t\t\t\t\t\t\t\tN\u00e9v\t\t\t\t\t\t\t<\/label>\n\t\t\t\t\t\t\t\t\t\t\t\t\t\t<input size=\"1\" type=\"text\" name=\"form_fields[name]\" id=\"form-field-name\" class=\"elementor-field elementor-size-sm  elementor-field-textual\" placeholder=\"N\u00e9v\" required=\"required\">\n\t\t\t\t\t\t\t\t\t\t\t<\/div>\n\t\t\t\t\t\t\t\t<div class=\"elementor-field-type-tel elementor-field-group elementor-column elementor-field-group-email elementor-col-100 elementor-field-required\">\n\t\t\t\t\t\t\t\t\t\t\t\t<label for=\"form-field-email\" class=\"elementor-field-label elementor-screen-only\">\n\t\t\t\t\t\t\t\tTelefon\t\t\t\t\t\t\t<\/label>\n\t\t\t\t\t\t\t\t<input size=\"1\" type=\"tel\" name=\"form_fields[email]\" id=\"form-field-email\" class=\"elementor-field elementor-size-sm  elementor-field-textual\" placeholder=\"Telefon\" required=\"required\" pattern=\"[0-9()#&amp;+*-=.]+\" title=\"Csak sz\u00e1mok \u00e9s telefonkarakterek (#, -, *, stb.) elfogadottak.\">\n\n\t\t\t\t\t\t<\/div>\n\t\t\t\t\t\t\t\t<div class=\"elementor-field-type-email elementor-field-group elementor-column elementor-field-group-field_920f201 elementor-col-100 elementor-field-required\">\n\t\t\t\t\t\t\t\t\t\t\t\t<label for=\"form-field-field_920f201\" class=\"elementor-field-label elementor-screen-only\">\n\t\t\t\t\t\t\t\tEmail\t\t\t\t\t\t\t<\/label>\n\t\t\t\t\t\t\t\t\t\t\t\t\t\t<input size=\"1\" type=\"email\" name=\"form_fields[field_920f201]\" id=\"form-field-field_920f201\" class=\"elementor-field elementor-size-sm  elementor-field-textual\" placeholder=\"Email\" required=\"required\">\n\t\t\t\t\t\t\t\t\t\t\t<\/div>\n\t\t\t\t\t\t\t\t<div class=\"elementor-field-type-textarea elementor-field-group elementor-column elementor-field-group-message elementor-col-100 elementor-field-required\">\n\t\t\t\t\t\t\t\t\t\t\t\t<label for=\"form-field-message\" class=\"elementor-field-label elementor-screen-only\">\n\t\t\t\t\t\t\t\t\u00dczenet\t\t\t\t\t\t\t<\/label>\n\t\t\t\t\t\t<textarea class=\"elementor-field-textual elementor-field  elementor-size-sm\" name=\"form_fields[message]\" id=\"form-field-message\" rows=\"4\" placeholder=\"\u00dczenet\" required=\"required\"><\/textarea>\t\t\t\t<\/div>\n\t\t\t\t\t\t\t\t<div class=\"elementor-field-group elementor-column elementor-field-type-submit elementor-col-100 e-form__buttons\">\n\t\t\t\t\t<button class=\"elementor-button elementor-size-sm\" type=\"submit\">\n\t\t\t\t\t\t<span class=\"elementor-button-content-wrapper\">\n\t\t\t\t\t\t\t\t\t\t\t\t\t\t\t\t\t\t\t\t\t\t<span class=\"elementor-button-text\">\u00dcZENET K\u00dcLD\u00c9SE<\/span>\n\t\t\t\t\t\t\t\t\t\t\t\t\t<\/span>\n\t\t\t\t\t<\/button>\n\t\t\t\t<\/div>\n\t\t\t<\/div>\n\t\t<input type=\"hidden\" name=\"trp-form-language\" value=\"hu\"\/><\/form>\n\t\t\t\t\t\t<\/div>\n\t\t\t\t<\/div>\n\t\t\t\t<\/div>\n\t\t\t\t<\/div>\n\t\t\t\t<\/div>","protected":false},"excerpt":{"rendered":"<p>CONTACT Get in touch for project inquiries hello@formarch.hu | +36 70 380 3087 Project inquiry<\/p>","protected":false},"author":4,"featured_media":0,"parent":0,"menu_order":0,"comment_status":"closed","ping_status":"closed","template":"","meta":{"_acf_changed":false,"footnotes":""},"class_list":["post-895","page","type-page","status-publish","hentry"],"acf":[],"yoast_head":"<!-- This site is optimized with the Yoast SEO plugin v27.0 - https:\/\/yoast.com\/product\/yoast-seo-wordpress\/ -->\n<title>CONTACT - FORMARCH<\/title>\n<meta name=\"robots\" content=\"noindex, follow\" \/>\n<meta property=\"og:locale\" content=\"hu_HU\" \/>\n<meta property=\"og:type\" content=\"article\" \/>\n<meta property=\"og:title\" content=\"CONTACT - FORMARCH\" \/>\n<meta property=\"og:description\" content=\"CONTACT Get in touch for project inquiries hello@formarch.hu | +36 70 380 3087 Project inquiry\" \/>\n<meta property=\"og:url\" content=\"https:\/\/formarch.hu\/hu\/contact\/\" \/>\n<meta property=\"og:site_name\" content=\"FORMARCH\" \/>\n<meta property=\"article:publisher\" content=\"https:\/\/www.facebook.com\/profile.php?id=61587144444090\" \/>\n<meta property=\"article:modified_time\" content=\"2026-02-23T13:01:06+00:00\" \/>\n<meta property=\"og:image\" content=\"https:\/\/formarch.hu\/wp-content\/uploads\/2026\/02\/Doha-Metro-Network-Pattern-Cut-Facade_Expanded-Mesh-Facade-e1770657607477.jpg\" \/>\n\t<meta property=\"og:image:width\" content=\"1660\" \/>\n\t<meta property=\"og:image:height\" content=\"1370\" \/>\n\t<meta property=\"og:image:type\" content=\"image\/jpeg\" \/>\n<meta name=\"twitter:card\" content=\"summary_large_image\" \/>\n<meta name=\"twitter:label1\" content=\"Becs\u00fclt olvas\u00e1si id\u0151\" \/>\n\t<meta name=\"twitter:data1\" content=\"1 perc\" \/>\n<script type=\"application\/ld+json\" class=\"yoast-schema-graph\">{\"@context\":\"https:\/\/schema.org\",\"@graph\":[{\"@type\":\"WebPage\",\"@id\":\"https:\/\/formarch.hu\/contact\/\",\"url\":\"https:\/\/formarch.hu\/contact\/\",\"name\":\"CONTACT - FORMARCH\",\"isPartOf\":{\"@id\":\"https:\/\/formarch.hu\/#website\"},\"datePublished\":\"2026-01-12T19:40:18+00:00\",\"dateModified\":\"2026-02-23T13:01:06+00:00\",\"breadcrumb\":{\"@id\":\"https:\/\/formarch.hu\/contact\/#breadcrumb\"},\"inLanguage\":\"hu\",\"potentialAction\":[{\"@type\":\"ReadAction\",\"target\":[\"https:\/\/formarch.hu\/contact\/\"]}]},{\"@type\":\"BreadcrumbList\",\"@id\":\"https:\/\/formarch.hu\/contact\/#breadcrumb\",\"itemListElement\":[{\"@type\":\"ListItem\",\"position\":1,\"name\":\"Kezd\u0151lap\",\"item\":\"https:\/\/formarch.hu\/\"},{\"@type\":\"ListItem\",\"position\":2,\"name\":\"CONTACT\"}]},{\"@type\":\"WebSite\",\"@id\":\"https:\/\/formarch.hu\/#website\",\"url\":\"https:\/\/formarch.hu\/\",\"name\":\"FORMARCH\",\"description\":\"SHAPING MODERN SPACES\",\"publisher\":{\"@id\":\"https:\/\/formarch.hu\/#organization\"},\"potentialAction\":[{\"@type\":\"SearchAction\",\"target\":{\"@type\":\"EntryPoint\",\"urlTemplate\":\"https:\/\/formarch.hu\/?s={search_term_string}\"},\"query-input\":{\"@type\":\"PropertyValueSpecification\",\"valueRequired\":true,\"valueName\":\"search_term_string\"}}],\"inLanguage\":\"hu\"},{\"@type\":\"Organization\",\"@id\":\"https:\/\/formarch.hu\/#organization\",\"name\":\"FORMARCH\",\"url\":\"https:\/\/formarch.hu\/\",\"logo\":{\"@type\":\"ImageObject\",\"inLanguage\":\"hu\",\"@id\":\"https:\/\/formarch.hu\/#\/schema\/logo\/image\/\",\"url\":\"https:\/\/formarch.hu\/wp-content\/uploads\/2026\/01\/FA-logo-black.png\",\"contentUrl\":\"https:\/\/formarch.hu\/wp-content\/uploads\/2026\/01\/FA-logo-black.png\",\"width\":440,\"height\":456,\"caption\":\"FORMARCH\"},\"image\":{\"@id\":\"https:\/\/formarch.hu\/#\/schema\/logo\/image\/\"},\"sameAs\":[\"https:\/\/www.facebook.com\/profile.php?id=61587144444090\",\"https:\/\/www.instagram.com\/formarch.hu\/\",\"https:\/\/www.linkedin.com\/company\/formarch-hu\/\"]}]}<\/script>\n<!-- \/ Yoast SEO plugin. -->","yoast_head_json":{"title":"CONTACT - FORMARCH","robots":{"index":"noindex","follow":"follow"},"og_locale":"hu_HU","og_type":"article","og_title":"CONTACT - FORMARCH","og_description":"CONTACT Get in touch for project inquiries hello@formarch.hu | +36 70 380 3087 Project inquiry","og_url":"https:\/\/formarch.hu\/hu\/contact\/","og_site_name":"FORMARCH","article_publisher":"https:\/\/www.facebook.com\/profile.php?id=61587144444090","article_modified_time":"2026-02-23T13:01:06+00:00","og_image":[{"width":1660,"height":1370,"url":"https:\/\/formarch.hu\/wp-content\/uploads\/2026\/02\/Doha-Metro-Network-Pattern-Cut-Facade_Expanded-Mesh-Facade-e1770657607477.jpg","type":"image\/jpeg"}],"twitter_card":"summary_large_image","twitter_misc":{"Becs\u00fclt olvas\u00e1si id\u0151":"1 perc"},"schema":{"@context":"https:\/\/schema.org","@graph":[{"@type":"WebPage","@id":"https:\/\/formarch.hu\/contact\/","url":"https:\/\/formarch.hu\/contact\/","name":"CONTACT - FORMARCH","isPartOf":{"@id":"https:\/\/formarch.hu\/#website"},"datePublished":"2026-01-12T19:40:18+00:00","dateModified":"2026-02-23T13:01:06+00:00","breadcrumb":{"@id":"https:\/\/formarch.hu\/contact\/#breadcrumb"},"inLanguage":"hu","potentialAction":[{"@type":"ReadAction","target":["https:\/\/formarch.hu\/contact\/"]}]},{"@type":"BreadcrumbList","@id":"https:\/\/formarch.hu\/contact\/#breadcrumb","itemListElement":[{"@type":"ListItem","position":1,"name":"Kezd\u0151lap","item":"https:\/\/formarch.hu\/"},{"@type":"ListItem","position":2,"name":"CONTACT"}]},{"@type":"WebSite","@id":"https:\/\/formarch.hu\/#website","url":"https:\/\/formarch.hu\/","name":"FORMARCH","description":"SHAPING MODERN SPACES","publisher":{"@id":"https:\/\/formarch.hu\/#organization"},"potentialAction":[{"@type":"SearchAction","target":{"@type":"EntryPoint","urlTemplate":"https:\/\/formarch.hu\/?s={search_term_string}"},"query-input":{"@type":"PropertyValueSpecification","valueRequired":true,"valueName":"search_term_string"}}],"inLanguage":"hu"},{"@type":"Organization","@id":"https:\/\/formarch.hu\/#organization","name":"FORMARCH","url":"https:\/\/formarch.hu\/","logo":{"@type":"ImageObject","inLanguage":"hu","@id":"https:\/\/formarch.hu\/#\/schema\/logo\/image\/","url":"https:\/\/formarch.hu\/wp-content\/uploads\/2026\/01\/FA-logo-black.png","contentUrl":"https:\/\/formarch.hu\/wp-content\/uploads\/2026\/01\/FA-logo-black.png","width":440,"height":456,"caption":"FORMARCH"},"image":{"@id":"https:\/\/formarch.hu\/#\/schema\/logo\/image\/"},"sameAs":["https:\/\/www.facebook.com\/profile.php?id=61587144444090","https:\/\/www.instagram.com\/formarch.hu\/","https:\/\/www.linkedin.com\/company\/formarch-hu\/"]}]}},"_links":{"self":[{"href":"https:\/\/formarch.hu\/hu\/wp-json\/wp\/v2\/pages\/895","targetHints":{"allow":["GET"]}}],"collection":[{"href":"https:\/\/formarch.hu\/hu\/wp-json\/wp\/v2\/pages"}],"about":[{"href":"https:\/\/formarch.hu\/hu\/wp-json\/wp\/v2\/types\/page"}],"author":[{"embeddable":true,"href":"https:\/\/formarch.hu\/hu\/wp-json\/wp\/v2\/users\/4"}],"replies":[{"embeddable":true,"href":"https:\/\/formarch.hu\/hu\/wp-json\/wp\/v2\/comments?post=895"}],"version-history":[{"count":28,"href":"https:\/\/formarch.hu\/hu\/wp-json\/wp\/v2\/pages\/895\/revisions"}],"predecessor-version":[{"id":1394,"href":"https:\/\/formarch.hu\/hu\/wp-json\/wp\/v2\/pages\/895\/revisions\/1394"}],"wp:attachment":[{"href":"https:\/\/formarch.hu\/hu\/wp-json\/wp\/v2\/media?parent=895"}],"curies":[{"name":"munkaf\u00fczet","href":"https:\/\/api.w.org\/{rel}","templated":true}]}}