{"id":883,"date":"2026-01-12T20:21:50","date_gmt":"2026-01-12T19:21:50","guid":{"rendered":"https:\/\/formarch.hu\/?page_id=883"},"modified":"2026-03-05T13:50:15","modified_gmt":"2026-03-05T12:50:15","slug":"projects","status":"publish","type":"page","link":"https:\/\/formarch.hu\/hu\/projects\/","title":{"rendered":"PROJEKTEK"},"content":{"rendered":"<div data-elementor-type=\"wp-page\" data-elementor-id=\"883\" class=\"elementor elementor-883\" data-elementor-post-type=\"page\">\n\t\t\t\t<div class=\"elementor-element elementor-element-435b77c9 e-flex e-con-boxed e-con e-parent\" data-id=\"435b77c9\" data-element_type=\"container\" data-settings=\"{&quot;background_background&quot;:&quot;classic&quot;}\">\n\t\t\t\t\t<div class=\"e-con-inner\">\n\t\t\t\t<div class=\"elementor-element elementor-element-4b29e934 elementor-widget elementor-widget-heading\" data-id=\"4b29e934\" data-element_type=\"widget\" data-widget_type=\"heading.default\">\n\t\t\t\t<div class=\"elementor-widget-container\">\n\t\t\t\t\t<h1 class=\"elementor-heading-title elementor-size-default\">PROJEKTEK<\/h1>\t\t\t\t<\/div>\n\t\t\t\t<\/div>\n\t\t\t\t<div class=\"elementor-element elementor-element-1e2b585c elementor-widget elementor-widget-text-editor\" data-id=\"1e2b585c\" data-element_type=\"widget\" data-widget_type=\"text-editor.default\">\n\t\t\t\t<div class=\"elementor-widget-container\">\n\t\t\t\t\t\t\t\t\t<p class=\"p1\">Ahol az \u00f6tletek val\u00f3s\u00e1gg\u00e1 v\u00e1lnak<\/p>\t\t\t\t\t\t\t\t<\/div>\n\t\t\t\t<\/div>\n\t\t\t\t\t<\/div>\n\t\t\t\t<\/div>\n\t\t<div class=\"elementor-element elementor-element-3a84c836 e-con-full e-flex e-con e-parent\" data-id=\"3a84c836\" data-element_type=\"container\" data-settings=\"{&quot;background_background&quot;:&quot;classic&quot;}\">\n\t\t\t\t<div class=\"elementor-element elementor-element-6c9482a elementor-grid-2 elementor-grid-tablet-1 elementor-grid-mobile-1 elementor-widget elementor-widget-portfolio\" data-id=\"6c9482a\" data-element_type=\"widget\" data-settings=\"{&quot;columns&quot;:2,&quot;columns_tablet&quot;:&quot;1&quot;,&quot;row_gap&quot;:{&quot;unit&quot;:&quot;px&quot;,&quot;size&quot;:21,&quot;sizes&quot;:[]},&quot;columns_mobile&quot;:&quot;1&quot;,&quot;item_ratio&quot;:{&quot;unit&quot;:&quot;px&quot;,&quot;size&quot;:0.66,&quot;sizes&quot;:[]},&quot;item_gap&quot;:{&quot;unit&quot;:&quot;px&quot;,&quot;size&quot;:&quot;&quot;,&quot;sizes&quot;:[]}}\" data-widget_type=\"portfolio.default\">\n\t\t\t\t<div class=\"elementor-widget-container\">\n\t\t\t\t\t\t\t<div class=\"elementor-portfolio elementor-grid elementor-posts-container\">\n\t\t\t\t<article class=\"elementor-portfolio-item elementor-post  post-1646 post type-post status-publish format-standard has-post-thumbnail hentry category-projects\">\n\t\t\t<a class=\"elementor-post__thumbnail__link\" href=\"https:\/\/formarch.hu\/hu\/corvin-plaza-skycourt-renovation\/\">\n\t\t\t\t<div class=\"elementor-portfolio-item__img elementor-post__thumbnail\">\n\t\t\t<img fetchpriority=\"high\" decoding=\"async\" width=\"768\" height=\"512\" src=\"https:\/\/formarch.hu\/wp-content\/uploads\/2025\/06\/dsc_3323-1-768x512.jpg\" class=\"attachment-medium_large size-medium_large wp-image-1623\" alt=\"\" srcset=\"https:\/\/formarch.hu\/wp-content\/uploads\/2025\/06\/dsc_3323-1-768x512.jpg 768w, https:\/\/formarch.hu\/wp-content\/uploads\/2025\/06\/dsc_3323-1-300x200.jpg 300w, https:\/\/formarch.hu\/wp-content\/uploads\/2025\/06\/dsc_3323-1-1024x682.jpg 1024w, https:\/\/formarch.hu\/wp-content\/uploads\/2025\/06\/dsc_3323-1-18x12.jpg 18w, https:\/\/formarch.hu\/wp-content\/uploads\/2025\/06\/dsc_3323-1.jpg 1280w\" sizes=\"(max-width: 768px) 100vw, 768px\" \/>\t\t<\/div>\n\t\t\t\t<div class=\"elementor-portfolio-item__overlay\">\n\t\t\t\t<h3 class=\"elementor-portfolio-item__title\">\n\t\tCorvin Plaza \u2013 SkyCourt fel\u00faj\u00edt\u00e1s\t\t<\/h3>\n\t\t\t\t<\/div>\n\t\t\t\t<\/a>\n\t\t<\/article>\n\t\t\t\t<article class=\"elementor-portfolio-item elementor-post  post-872 post type-post status-publish format-standard has-post-thumbnail hentry category-projects\">\n\t\t\t<a class=\"elementor-post__thumbnail__link\" href=\"https:\/\/formarch.hu\/hu\/kenes-by-garden-hotel\/\">\n\t\t\t\t<div class=\"elementor-portfolio-item__img elementor-post__thumbnail\">\n\t\t\t<img decoding=\"async\" width=\"768\" height=\"512\" src=\"https:\/\/formarch.hu\/wp-content\/uploads\/2026\/01\/IMG_9164-768x512.jpeg\" class=\"attachment-medium_large size-medium_large wp-image-1607\" alt=\"\" srcset=\"https:\/\/formarch.hu\/wp-content\/uploads\/2026\/01\/IMG_9164-768x512.jpeg 768w, https:\/\/formarch.hu\/wp-content\/uploads\/2026\/01\/IMG_9164-300x200.jpeg 300w, https:\/\/formarch.hu\/wp-content\/uploads\/2026\/01\/IMG_9164-18x12.jpeg 18w, https:\/\/formarch.hu\/wp-content\/uploads\/2026\/01\/IMG_9164.jpeg 1024w\" sizes=\"(max-width: 768px) 100vw, 768px\" \/>\t\t<\/div>\n\t\t\t\t<div class=\"elementor-portfolio-item__overlay\">\n\t\t\t\t<h3 class=\"elementor-portfolio-item__title\">\n\t\tKenese Bay Garden\t\t<\/h3>\n\t\t\t\t<\/div>\n\t\t\t\t<\/a>\n\t\t<\/article>\n\t\t\t\t<article class=\"elementor-portfolio-item elementor-post  post-874 post type-post status-publish format-standard has-post-thumbnail hentry category-projects\">\n\t\t\t<a class=\"elementor-post__thumbnail__link\" href=\"https:\/\/formarch.hu\/hu\/eto-park-bevasarlokozpont\/\">\n\t\t\t\t<div class=\"elementor-portfolio-item__img elementor-post__thumbnail\">\n\t\t\t<img decoding=\"async\" width=\"768\" height=\"1152\" src=\"https:\/\/formarch.hu\/wp-content\/uploads\/2026\/01\/web_240725_nm_1261-768x1152.jpeg\" class=\"attachment-medium_large size-medium_large wp-image-1611\" alt=\"\" srcset=\"https:\/\/formarch.hu\/wp-content\/uploads\/2026\/01\/web_240725_nm_1261-768x1152.jpeg 768w, https:\/\/formarch.hu\/wp-content\/uploads\/2026\/01\/web_240725_nm_1261-200x300.jpeg 200w, https:\/\/formarch.hu\/wp-content\/uploads\/2026\/01\/web_240725_nm_1261-682x1024.jpeg 682w, https:\/\/formarch.hu\/wp-content\/uploads\/2026\/01\/web_240725_nm_1261-8x12.jpeg 8w, https:\/\/formarch.hu\/wp-content\/uploads\/2026\/01\/web_240725_nm_1261.jpeg 853w\" sizes=\"(max-width: 768px) 100vw, 768px\" \/>\t\t<\/div>\n\t\t\t\t<div class=\"elementor-portfolio-item__overlay\">\n\t\t\t\t<h3 class=\"elementor-portfolio-item__title\">\n\t\tETO Park Bev\u00e1s\u00e1rl\u00f3k\u00f6zpont\t\t<\/h3>\n\t\t\t\t<\/div>\n\t\t\t\t<\/a>\n\t\t<\/article>\n\t\t\t\t<\/div>\n\t\t\t\t\t\t<\/div>\n\t\t\t\t<\/div>\n\t\t\t\t<\/div>\n\t\t<div class=\"elementor-element elementor-element-1b124ba e-flex e-con-boxed e-con e-parent\" data-id=\"1b124ba\" data-element_type=\"container\">\n\t\t\t\t\t<div class=\"e-con-inner\">\n\t\t\t\t\t<\/div>\n\t\t\t\t<\/div>\n\t\t\t\t<\/div>","protected":false},"excerpt":{"rendered":"<p>PROJECTS Where ideas become real<\/p>","protected":false},"author":4,"featured_media":0,"parent":0,"menu_order":0,"comment_status":"closed","ping_status":"closed","template":"","meta":{"_acf_changed":false,"footnotes":""},"class_list":["post-883","page","type-page","status-publish","hentry"],"acf":[],"yoast_head":"<!-- This site is optimized with the Yoast SEO plugin v27.0 - https:\/\/yoast.com\/product\/yoast-seo-wordpress\/ -->\n<title>PROJECTS - FORMARCH<\/title>\n<meta name=\"robots\" content=\"noindex, follow\" \/>\n<meta property=\"og:locale\" content=\"hu_HU\" \/>\n<meta property=\"og:type\" content=\"article\" \/>\n<meta property=\"og:title\" content=\"PROJECTS - FORMARCH\" \/>\n<meta property=\"og:description\" content=\"PROJECTS Where ideas become real\" \/>\n<meta property=\"og:url\" content=\"https:\/\/formarch.hu\/hu\/projects\/\" \/>\n<meta property=\"og:site_name\" content=\"FORMARCH\" \/>\n<meta property=\"article:publisher\" content=\"https:\/\/www.facebook.com\/profile.php?id=61587144444090\" \/>\n<meta property=\"article:modified_time\" content=\"2026-03-05T12:50:15+00:00\" \/>\n<meta property=\"og:image\" content=\"https:\/\/formarch.hu\/wp-content\/uploads\/2026\/02\/Doha-Metro-Network-Pattern-Cut-Facade_Expanded-Mesh-Facade-e1770657607477.jpg\" \/>\n\t<meta property=\"og:image:width\" content=\"1660\" \/>\n\t<meta property=\"og:image:height\" content=\"1370\" \/>\n\t<meta property=\"og:image:type\" content=\"image\/jpeg\" \/>\n<meta name=\"twitter:card\" content=\"summary_large_image\" \/>\n<meta name=\"twitter:label1\" content=\"Becs\u00fclt olvas\u00e1si id\u0151\" \/>\n\t<meta name=\"twitter:data1\" content=\"1 perc\" \/>\n<script type=\"application\/ld+json\" class=\"yoast-schema-graph\">{\"@context\":\"https:\/\/schema.org\",\"@graph\":[{\"@type\":\"WebPage\",\"@id\":\"https:\/\/formarch.hu\/projects\/\",\"url\":\"https:\/\/formarch.hu\/projects\/\",\"name\":\"PROJECTS - FORMARCH\",\"isPartOf\":{\"@id\":\"https:\/\/formarch.hu\/#website\"},\"datePublished\":\"2026-01-12T19:21:50+00:00\",\"dateModified\":\"2026-03-05T12:50:15+00:00\",\"breadcrumb\":{\"@id\":\"https:\/\/formarch.hu\/projects\/#breadcrumb\"},\"inLanguage\":\"hu\",\"potentialAction\":[{\"@type\":\"ReadAction\",\"target\":[\"https:\/\/formarch.hu\/projects\/\"]}]},{\"@type\":\"BreadcrumbList\",\"@id\":\"https:\/\/formarch.hu\/projects\/#breadcrumb\",\"itemListElement\":[{\"@type\":\"ListItem\",\"position\":1,\"name\":\"Kezd\u0151lap\",\"item\":\"https:\/\/formarch.hu\/\"},{\"@type\":\"ListItem\",\"position\":2,\"name\":\"PROJECTS\"}]},{\"@type\":\"WebSite\",\"@id\":\"https:\/\/formarch.hu\/#website\",\"url\":\"https:\/\/formarch.hu\/\",\"name\":\"FORMARCH\",\"description\":\"SHAPING MODERN SPACES\",\"publisher\":{\"@id\":\"https:\/\/formarch.hu\/#organization\"},\"potentialAction\":[{\"@type\":\"SearchAction\",\"target\":{\"@type\":\"EntryPoint\",\"urlTemplate\":\"https:\/\/formarch.hu\/?s={search_term_string}\"},\"query-input\":{\"@type\":\"PropertyValueSpecification\",\"valueRequired\":true,\"valueName\":\"search_term_string\"}}],\"inLanguage\":\"hu\"},{\"@type\":\"Organization\",\"@id\":\"https:\/\/formarch.hu\/#organization\",\"name\":\"FORMARCH\",\"url\":\"https:\/\/formarch.hu\/\",\"logo\":{\"@type\":\"ImageObject\",\"inLanguage\":\"hu\",\"@id\":\"https:\/\/formarch.hu\/#\/schema\/logo\/image\/\",\"url\":\"https:\/\/formarch.hu\/wp-content\/uploads\/2026\/01\/FA-logo-black.png\",\"contentUrl\":\"https:\/\/formarch.hu\/wp-content\/uploads\/2026\/01\/FA-logo-black.png\",\"width\":440,\"height\":456,\"caption\":\"FORMARCH\"},\"image\":{\"@id\":\"https:\/\/formarch.hu\/#\/schema\/logo\/image\/\"},\"sameAs\":[\"https:\/\/www.facebook.com\/profile.php?id=61587144444090\",\"https:\/\/www.instagram.com\/formarch.hu\/\",\"https:\/\/www.linkedin.com\/company\/formarch-hu\/\"]}]}<\/script>\n<!-- \/ Yoast SEO plugin. -->","yoast_head_json":{"title":"PROJECTS - FORMARCH","robots":{"index":"noindex","follow":"follow"},"og_locale":"hu_HU","og_type":"article","og_title":"PROJECTS - FORMARCH","og_description":"PROJECTS Where ideas become real","og_url":"https:\/\/formarch.hu\/hu\/projects\/","og_site_name":"FORMARCH","article_publisher":"https:\/\/www.facebook.com\/profile.php?id=61587144444090","article_modified_time":"2026-03-05T12:50:15+00:00","og_image":[{"width":1660,"height":1370,"url":"https:\/\/formarch.hu\/wp-content\/uploads\/2026\/02\/Doha-Metro-Network-Pattern-Cut-Facade_Expanded-Mesh-Facade-e1770657607477.jpg","type":"image\/jpeg"}],"twitter_card":"summary_large_image","twitter_misc":{"Becs\u00fclt olvas\u00e1si id\u0151":"1 perc"},"schema":{"@context":"https:\/\/schema.org","@graph":[{"@type":"WebPage","@id":"https:\/\/formarch.hu\/projects\/","url":"https:\/\/formarch.hu\/projects\/","name":"PROJECTS - FORMARCH","isPartOf":{"@id":"https:\/\/formarch.hu\/#website"},"datePublished":"2026-01-12T19:21:50+00:00","dateModified":"2026-03-05T12:50:15+00:00","breadcrumb":{"@id":"https:\/\/formarch.hu\/projects\/#breadcrumb"},"inLanguage":"hu","potentialAction":[{"@type":"ReadAction","target":["https:\/\/formarch.hu\/projects\/"]}]},{"@type":"BreadcrumbList","@id":"https:\/\/formarch.hu\/projects\/#breadcrumb","itemListElement":[{"@type":"ListItem","position":1,"name":"Kezd\u0151lap","item":"https:\/\/formarch.hu\/"},{"@type":"ListItem","position":2,"name":"PROJECTS"}]},{"@type":"WebSite","@id":"https:\/\/formarch.hu\/#website","url":"https:\/\/formarch.hu\/","name":"FORMARCH","description":"SHAPING MODERN SPACES","publisher":{"@id":"https:\/\/formarch.hu\/#organization"},"potentialAction":[{"@type":"SearchAction","target":{"@type":"EntryPoint","urlTemplate":"https:\/\/formarch.hu\/?s={search_term_string}"},"query-input":{"@type":"PropertyValueSpecification","valueRequired":true,"valueName":"search_term_string"}}],"inLanguage":"hu"},{"@type":"Organization","@id":"https:\/\/formarch.hu\/#organization","name":"FORMARCH","url":"https:\/\/formarch.hu\/","logo":{"@type":"ImageObject","inLanguage":"hu","@id":"https:\/\/formarch.hu\/#\/schema\/logo\/image\/","url":"https:\/\/formarch.hu\/wp-content\/uploads\/2026\/01\/FA-logo-black.png","contentUrl":"https:\/\/formarch.hu\/wp-content\/uploads\/2026\/01\/FA-logo-black.png","width":440,"height":456,"caption":"FORMARCH"},"image":{"@id":"https:\/\/formarch.hu\/#\/schema\/logo\/image\/"},"sameAs":["https:\/\/www.facebook.com\/profile.php?id=61587144444090","https:\/\/www.instagram.com\/formarch.hu\/","https:\/\/www.linkedin.com\/company\/formarch-hu\/"]}]}},"_links":{"self":[{"href":"https:\/\/formarch.hu\/hu\/wp-json\/wp\/v2\/pages\/883","targetHints":{"allow":["GET"]}}],"collection":[{"href":"https:\/\/formarch.hu\/hu\/wp-json\/wp\/v2\/pages"}],"about":[{"href":"https:\/\/formarch.hu\/hu\/wp-json\/wp\/v2\/types\/page"}],"author":[{"embeddable":true,"href":"https:\/\/formarch.hu\/hu\/wp-json\/wp\/v2\/users\/4"}],"replies":[{"embeddable":true,"href":"https:\/\/formarch.hu\/hu\/wp-json\/wp\/v2\/comments?post=883"}],"version-history":[{"count":19,"href":"https:\/\/formarch.hu\/hu\/wp-json\/wp\/v2\/pages\/883\/revisions"}],"predecessor-version":[{"id":1692,"href":"https:\/\/formarch.hu\/hu\/wp-json\/wp\/v2\/pages\/883\/revisions\/1692"}],"wp:attachment":[{"href":"https:\/\/formarch.hu\/hu\/wp-json\/wp\/v2\/media?parent=883"}],"curies":[{"name":"munkaf\u00fczet","href":"https:\/\/api.w.org\/{rel}","templated":true}]}}