{"id":1317,"date":"2026-02-23T01:00:49","date_gmt":"2026-02-23T00:00:49","guid":{"rendered":"https:\/\/formarch.hu\/?page_id=1317"},"modified":"2026-03-06T10:59:45","modified_gmt":"2026-03-06T09:59:45","slug":"custom-flooring-solutions","status":"publish","type":"page","link":"https:\/\/formarch.hu\/hu\/custom-flooring-solutions\/","title":{"rendered":"Egyedi padl\u00f3burkolati megold\u00e1sok"},"content":{"rendered":"<div data-elementor-type=\"wp-page\" data-elementor-id=\"1317\" class=\"elementor elementor-1317\" data-elementor-post-type=\"page\">\n\t\t\t\t<div class=\"elementor-element elementor-element-75c64f9 e-con-full e-flex e-con e-parent\" data-id=\"75c64f9\" data-element_type=\"container\" data-settings=\"{&quot;background_background&quot;:&quot;classic&quot;}\">\n\t\t<div class=\"elementor-element elementor-element-7511f125 e-flex e-con-boxed e-con e-child\" data-id=\"7511f125\" data-element_type=\"container\">\n\t\t\t\t\t<div class=\"e-con-inner\">\n\t\t\t\t<div class=\"elementor-element elementor-element-b8de9fe elementor-widget elementor-widget-heading\" data-id=\"b8de9fe\" data-element_type=\"widget\" data-widget_type=\"heading.default\">\n\t\t\t\t<div class=\"elementor-widget-container\">\n\t\t\t\t\t<h2 class=\"elementor-heading-title elementor-size-default\">Egyedi padl\u00f3burkolati megold\u00e1sok<\/h2>\t\t\t\t<\/div>\n\t\t\t\t<\/div>\n\t\t\t\t<div class=\"elementor-element elementor-element-d392d1a elementor-widget elementor-widget-text-editor\" data-id=\"d392d1a\" data-element_type=\"widget\" data-widget_type=\"text-editor.default\">\n\t\t\t\t<div class=\"elementor-widget-container\">\n\t\t\t\t\t\t\t\t\t<p>Ahol az \u00e9p\u00edt\u00e9szeti elk\u00e9pzel\u00e9sek tal\u00e1lkoznak a textil innov\u00e1ci\u00f3val, egyedi \u00e9s nagy teljes\u00edtm\u00e9ny\u0171 puha padl\u00f3burkolati megold\u00e1sok \u00f6ltenek form\u00e1t. A fejlett gy\u00e1rt\u00e1si technol\u00f3gia, az egyedi tervez\u00e9si rugalmass\u00e1g \u00e9s a fenntarthat\u00f3s\u00e1g ir\u00e1nti er\u0151s elk\u00f6telezetts\u00e9g \u00f6tv\u00f6z\u00e9s\u00e9vel kifinomult fel\u00fcletek j\u00f6nnek l\u00e9tre, amelyek vil\u00e1gszerte illeszkednek a modern bels\u0151 terekhez.<\/p>\t\t\t\t\t\t\t\t<\/div>\n\t\t\t\t<\/div>\n\t\t\t\t\t<\/div>\n\t\t\t\t<\/div>\n\t\t\t\t<\/div>\n\t\t<div class=\"elementor-element elementor-element-5396a42a e-flex e-con-boxed e-con e-parent\" data-id=\"5396a42a\" data-element_type=\"container\" data-settings=\"{&quot;background_background&quot;:&quot;classic&quot;}\">\n\t\t\t\t\t<div class=\"e-con-inner\">\n\t\t<div class=\"elementor-element elementor-element-4fdba2f8 e-flex e-con-boxed e-con e-child\" data-id=\"4fdba2f8\" data-element_type=\"container\">\n\t\t\t\t\t<div class=\"e-con-inner\">\n\t\t\t\t<div class=\"elementor-element elementor-element-fac7da3 elementor-widget elementor-widget-text-editor\" data-id=\"fac7da3\" data-element_type=\"widget\" data-widget_type=\"text-editor.default\">\n\t\t\t\t<div class=\"elementor-widget-container\">\n\t\t\t\t\t\t\t\t\t<p><strong>Puha padl\u00f3burkolatok bels\u0151\u00e9p\u00edt\u00e9szeti karakterrel<\/strong><\/p><p>A Samur Carpets vil\u00e1gszerte k\u00edn\u00e1l kiv\u00e1l\u00f3 min\u0151s\u00e9g\u0171 padl\u00f3sz\u0151nyegeket, modul sz\u0151nyeg lapokat \u00e9s egyedi tervez\u00e9s\u0171 padl\u00f3burkolati megold\u00e1sokat sz\u00e1llod\u00e1k, irod\u00e1k, kereskedelmi \u00e9s lak\u00f3\u00e9p\u00fcletek sz\u00e1m\u00e1ra.\nAz innov\u00e1ci\u00f3 \u00e9s a rugalmass\u00e1g ir\u00e1nti elk\u00f6telezetts\u00e9g\u00fck lehet\u0151v\u00e9 teszi, hogy gyorsan reag\u00e1ljanak a piaci v\u00e1ltoz\u00e1sokra, \u00e9s testreszabott megold\u00e1sokat ny\u00fajtsanak partnereik sz\u00e1m\u00e1ra.<\/p><p>A Samur nagy felbont\u00e1s\u00fa nyomtat\u00e1si technol\u00f3gi\u00e1val k\u00e9sz\u00edt bonyolult mint\u00e1zat\u00fa, sz\u0151tt sz\u0151nyegeket, amelyek eszt\u00e9tikai \u00e9s funkcion\u00e1lis szempontb\u00f3l is kiemelked\u0151 megold\u00e1st jelentenek k\u00fcl\u00f6nb\u00f6z\u0151 terekben.\nA fenntarthat\u00f3s\u00e1g ir\u00e1nti elk\u00f6telezetts\u00e9g jegy\u00e9ben saj\u00e1t energiaell\u00e1t\u00e1ssal \u00e9s szennyv\u00edztiszt\u00edt\u00f3 rendszerrel dolgoznak, biztos\u00edtva a k\u00f6rnyezettudatos gy\u00e1rt\u00e1st. A glob\u00e1lis szak\u00e9rtelmet \u00e9s az innovat\u00edv szeml\u00e9letet \u00f6tv\u00f6zve a Samur c\u00e9lja, hogy hossz\u00fa t\u00e1von is \u00e9rt\u00e9k\u00e1ll\u00f3 megold\u00e1sokat k\u00edn\u00e1ljon \u00fcgyfeleinek.<\/p><p><style>\n.kasso-wrap {<br \/>    display: flex;<br \/>    flex-direction: column;<br \/>    gap: 14px;<br \/>    margin-top: 20px;<br \/>}<\/p>\n<p>.kasso-wrap a {<br \/>    display: inline-block;<br \/>    align-self: flex-start;<br \/>    background: #111;<br \/>    color: #fff !important;<br \/>    padding: 12px 26px;<br \/>    font-size: 15px;<br \/>    font-weight: 600;<br \/>    letter-spacing: 0.4px;<br \/>    text-decoration: none !important;<br \/>    border-radius: 4px;<br \/>    border: 1px solid #111;<br \/>    transition: all 0.25s ease;<br \/>}<\/p>\n<p>.kasso-wrap a:hover {<br \/>    background: #fff !important;<br \/>    color: #111 !important;<br \/>    border-color: #111;<br \/>    transform: translateY(-2px);<br \/>}<\/p>\n<p>.kasso-wrap a:active {<br \/>    transform: translateY(0);<br \/>}<br \/><\/style><\/p><div class=\"kasso-wrap\"><a href=\"https:\/\/formarch.hu\/wp-content\/uploads\/2026\/01\/Samur_Otel_Halilari_compressed-1.pdf\" target=\"_blank\" rel=\"noopener noreferrer\"><br \/>Samur Katal\u00f3gus \u2013 01<\/a><\/div>\t\t\t\t\t\t\t\t<\/div>\n\t\t\t\t<\/div>\n\t\t\t\t\t<\/div>\n\t\t\t\t<\/div>\n\t\t<div class=\"elementor-element elementor-element-3d7197ef e-con-full e-flex e-con e-child\" data-id=\"3d7197ef\" data-element_type=\"container\" data-settings=\"{&quot;background_background&quot;:&quot;classic&quot;}\">\n\t\t\t\t<\/div>\n\t\t\t\t\t<\/div>\n\t\t\t\t<\/div>\n\t\t<div class=\"elementor-element elementor-element-24e3f2b7 e-flex e-con-boxed e-con e-parent\" data-id=\"24e3f2b7\" data-element_type=\"container\" data-settings=\"{&quot;background_background&quot;:&quot;classic&quot;}\">\n\t\t\t\t\t<div class=\"e-con-inner\">\n\t\t\t\t<div class=\"elementor-element elementor-element-70a4ca6b elementor-widget-divider--view-line elementor-widget elementor-widget-divider\" data-id=\"70a4ca6b\" data-element_type=\"widget\" data-widget_type=\"divider.default\">\n\t\t\t\t<div class=\"elementor-widget-container\">\n\t\t\t\t\t\t\t<div class=\"elementor-divider\">\n\t\t\t<span class=\"elementor-divider-separator\">\n\t\t\t\t\t\t<\/span>\n\t\t<\/div>\n\t\t\t\t\t\t<\/div>\n\t\t\t\t<\/div>\n\t\t\t\t<div class=\"elementor-element elementor-element-69a97792 elementor-arrows-position-outside elementor-widget elementor-widget-image-carousel\" data-id=\"69a97792\" data-element_type=\"widget\" data-settings=\"{&quot;slides_to_show_mobile&quot;:&quot;2&quot;,&quot;navigation&quot;:&quot;arrows&quot;,&quot;image_spacing_custom&quot;:{&quot;unit&quot;:&quot;px&quot;,&quot;size&quot;:10,&quot;sizes&quot;:[]},&quot;image_spacing_custom_mobile&quot;:{&quot;unit&quot;:&quot;px&quot;,&quot;size&quot;:10,&quot;sizes&quot;:[]},&quot;slides_to_show&quot;:&quot;3&quot;,&quot;slides_to_show_tablet&quot;:&quot;3&quot;,&quot;autoplay&quot;:&quot;yes&quot;,&quot;pause_on_hover&quot;:&quot;yes&quot;,&quot;pause_on_interaction&quot;:&quot;yes&quot;,&quot;autoplay_speed&quot;:5000,&quot;infinite&quot;:&quot;yes&quot;,&quot;speed&quot;:500,&quot;image_spacing_custom_tablet&quot;:{&quot;unit&quot;:&quot;px&quot;,&quot;size&quot;:&quot;&quot;,&quot;sizes&quot;:[]}}\" data-widget_type=\"image-carousel.default\">\n\t\t\t\t<div class=\"elementor-widget-container\">\n\t\t\t\t\t\t\t<div class=\"elementor-image-carousel-wrapper swiper\" role=\"region\" aria-roledescription=\"carousel\" aria-label=\"K\u00e9p k\u00f6r\u00fcl\" dir=\"ltr\">\n\t\t\t<div class=\"elementor-image-carousel swiper-wrapper\" aria-live=\"off\">\n\t\t\t\t\t\t\t\t<div class=\"swiper-slide\" role=\"group\" aria-roledescription=\"slide\" aria-label=\"1 \/ 11\"><figure class=\"swiper-slide-inner\"><img decoding=\"async\" class=\"swiper-slide-image\" src=\"https:\/\/formarch.hu\/wp-content\/uploads\/2026\/02\/30af65046bf6cd2c86fda6eaa2ddae22-768x473.jpg\" alt=\"Soho House Istanbul \u2013 Lobby\" \/><figcaption class=\"elementor-image-carousel-caption\">Soho House Isztambul \u2013 El\u0151csarnok<\/figcaption><\/figure><\/div><div class=\"swiper-slide\" role=\"group\" aria-roledescription=\"slide\" aria-label=\"2 \/ 11\"><figure class=\"swiper-slide-inner\"><img decoding=\"async\" class=\"swiper-slide-image\" src=\"https:\/\/formarch.hu\/wp-content\/uploads\/2026\/02\/279af062658abbed48ee58e2580f3b20-768x512.jpg\" alt=\"Titanic Deluxe Belek \u2013 Ballroom\" \/><figcaption class=\"elementor-image-carousel-caption\">Titanic Deluxe Belek \u2013 B\u00e1lterem<\/figcaption><\/figure><\/div><div class=\"swiper-slide\" role=\"group\" aria-roledescription=\"slide\" aria-label=\"3 \/ 11\"><figure class=\"swiper-slide-inner\"><img decoding=\"async\" class=\"swiper-slide-image\" src=\"https:\/\/formarch.hu\/wp-content\/uploads\/2026\/02\/83db22de0ea30670659fcce352923c2b.jpg\" alt=\"Wynn Casino \/ Slot area\" \/><figcaption class=\"elementor-image-carousel-caption\">Wynn Kaszin\u00f3 \/ Nyer\u0151g\u00e9pek ter\u00fclete<\/figcaption><\/figure><\/div><div class=\"swiper-slide\" role=\"group\" aria-roledescription=\"slide\" aria-label=\"4 \/ 11\"><figure class=\"swiper-slide-inner\"><img decoding=\"async\" class=\"swiper-slide-image\" src=\"https:\/\/formarch.hu\/wp-content\/uploads\/2026\/02\/11149157ab8327cf2b2a80609fb295f3-768x504.jpg\" alt=\"Stadtbibliothek Stuttgart - City Library\" \/><figcaption class=\"elementor-image-carousel-caption\">Stadtbibliothek Stuttgart \u2013 V\u00e1rosi K\u00f6nyvt\u00e1r<\/figcaption><\/figure><\/div><div class=\"swiper-slide\" role=\"group\" aria-roledescription=\"slide\" aria-label=\"5 \/ 11\"><figure class=\"swiper-slide-inner\"><img decoding=\"async\" class=\"swiper-slide-image\" src=\"https:\/\/formarch.hu\/wp-content\/uploads\/2026\/02\/dca960b3389ef43549e5977d15a850c2.jpg\" alt=\"W Hotel Shanghai \u2013 Guest room\" \/><figcaption class=\"elementor-image-carousel-caption\">W Hotel Shanghai \u2013 Vend\u00e9gszoba<\/figcaption><\/figure><\/div><div class=\"swiper-slide\" role=\"group\" aria-roledescription=\"slide\" aria-label=\"6 \/ 11\"><figure class=\"swiper-slide-inner\"><img decoding=\"async\" class=\"swiper-slide-image\" src=\"https:\/\/formarch.hu\/wp-content\/uploads\/2026\/02\/d0888e934be2d04837c7e3bc19482db2.jpg\" alt=\"Bellagio \u2013 Ballroom \/ Conference hall\" \/><figcaption class=\"elementor-image-carousel-caption\">Bellagio \u2013 B\u00e1lterem \/ Konferenciaterem<\/figcaption><\/figure><\/div><div class=\"swiper-slide\" role=\"group\" aria-roledescription=\"slide\" aria-label=\"7 \/ 11\"><figure class=\"swiper-slide-inner\"><img decoding=\"async\" class=\"swiper-slide-image\" src=\"https:\/\/formarch.hu\/wp-content\/uploads\/2026\/02\/363e8198b4a21145f79c88c9ed9620b3-768x576.jpg\" alt=\"The Land of Legends Kingdom Hotel \u2013 Kids room\" \/><figcaption class=\"elementor-image-carousel-caption\">A Legend\u00e1k F\u00f6ldje Kingdom Hotel \u2013 Gyerekszoba<\/figcaption><\/figure><\/div><div class=\"swiper-slide\" role=\"group\" aria-roledescription=\"slide\" aria-label=\"8 \/ 11\"><figure class=\"swiper-slide-inner\"><img decoding=\"async\" class=\"swiper-slide-image\" src=\"https:\/\/formarch.hu\/wp-content\/uploads\/2026\/02\/b61bad7c23b2f83e28aa9151ae62de4c-768x512.jpg\" alt=\"ELA Excellence Resort \u2013 Ballroom\" \/><figcaption class=\"elementor-image-carousel-caption\">ELA Excellence Resort \u2013 B\u00e1lterem<\/figcaption><\/figure><\/div><div class=\"swiper-slide\" role=\"group\" aria-roledescription=\"slide\" aria-label=\"9 \/ 11\"><figure class=\"swiper-slide-inner\"><img decoding=\"async\" class=\"swiper-slide-image\" src=\"https:\/\/formarch.hu\/wp-content\/uploads\/2026\/02\/5ed54e73fb458e81aec80d4b59f3e084-768x1024.jpg\" alt=\"Balkan Bet Casino\" \/><figcaption class=\"elementor-image-carousel-caption\">Balk\u00e1n Bet Kaszin\u00f3<\/figcaption><\/figure><\/div><div class=\"swiper-slide\" role=\"group\" aria-roledescription=\"slide\" aria-label=\"10 \/ 11\"><figure class=\"swiper-slide-inner\"><img decoding=\"async\" class=\"swiper-slide-image\" src=\"https:\/\/formarch.hu\/wp-content\/uploads\/2026\/02\/45d3dac4a7068f98c24a016473d4284f-768x1024.jpg\" alt=\"Wynn Palace \u2013 Corridor \/ Lobby\" \/><figcaption class=\"elementor-image-carousel-caption\">Wynn Palace \u2013 Folyos\u00f3 \/ El\u0151csarnok<\/figcaption><\/figure><\/div><div class=\"swiper-slide\" role=\"group\" aria-roledescription=\"slide\" aria-label=\"11 \/ 11\"><figure class=\"swiper-slide-inner\"><img decoding=\"async\" class=\"swiper-slide-image\" src=\"https:\/\/formarch.hu\/wp-content\/uploads\/2026\/02\/images-1-e1771967813877-768x417.jpg\" alt=\"Domotex \u2013 Carpet exhibition stand\" \/><figcaption class=\"elementor-image-carousel-caption\">Domotex \u2013 Sz\u0151nyeg ki\u00e1ll\u00edt\u00e1si stand<\/figcaption><\/figure><\/div>\t\t\t<\/div>\n\t\t\t\t\t\t\t\t\t\t\t\t<div class=\"elementor-swiper-button elementor-swiper-button-prev\" role=\"button\" tabindex=\"0\">\n\t\t\t\t\t\t<svg aria-hidden=\"true\" class=\"e-font-icon-svg e-eicon-chevron-left\" viewbox=\"0 0 1000 1000\" xmlns=\"http:\/\/www.w3.org\/2000\/svg\"><path d=\"M646 125C629 125 613 133 604 142L308 442C296 454 292 471 292 487 292 504 296 521 308 533L604 854C617 867 629 875 646 875 663 875 679 871 692 858 704 846 713 829 713 812 713 796 708 779 692 767L438 487 692 225C700 217 708 204 708 187 708 171 704 154 692 142 675 129 663 125 646 125Z\"><\/path><\/svg>\t\t\t\t\t<\/div>\n\t\t\t\t\t<div class=\"elementor-swiper-button elementor-swiper-button-next\" role=\"button\" tabindex=\"0\">\n\t\t\t\t\t\t<svg aria-hidden=\"true\" class=\"e-font-icon-svg e-eicon-chevron-right\" viewbox=\"0 0 1000 1000\" xmlns=\"http:\/\/www.w3.org\/2000\/svg\"><path d=\"M696 533C708 521 713 504 713 487 713 471 708 454 696 446L400 146C388 133 375 125 354 125 338 125 325 129 313 142 300 154 292 171 292 187 292 204 296 221 308 233L563 492 304 771C292 783 288 800 288 817 288 833 296 850 308 863 321 871 338 875 354 875 371 875 388 867 400 854L696 533Z\"><\/path><\/svg>\t\t\t\t\t<\/div>\n\t\t\t\t\n\t\t\t\t\t\t\t\t\t<\/div>\n\t\t\t\t\t\t<\/div>\n\t\t\t\t<\/div>\n\t\t\t\t\t<\/div>\n\t\t\t\t<\/div>\n\t\t<div class=\"elementor-element elementor-element-6b2e3681 elementor-hidden-desktop elementor-hidden-tablet elementor-hidden-mobile e-flex e-con-boxed e-con e-parent\" data-id=\"6b2e3681\" data-element_type=\"container\" data-settings=\"{&quot;background_background&quot;:&quot;classic&quot;}\">\n\t\t\t\t\t<div class=\"e-con-inner\">\n\t\t\t\t<div class=\"elementor-element elementor-element-40b18514 elementor-widget elementor-widget-heading\" data-id=\"40b18514\" data-element_type=\"widget\" data-widget_type=\"heading.default\">\n\t\t\t\t<div class=\"elementor-widget-container\">\n\t\t\t\t\t<h6 class=\"elementor-heading-title elementor-size-default\">Egy\u00e9b term\u00e9kek<\/h6>\t\t\t\t<\/div>\n\t\t\t\t<\/div>\n\t\t\t\t<div class=\"elementor-element elementor-element-409345b2 elementor-grid-3 elementor-grid-tablet-2 elementor-grid-mobile-1 elementor-widget elementor-widget-portfolio\" data-id=\"409345b2\" data-element_type=\"widget\" data-settings=\"{&quot;row_gap&quot;:{&quot;unit&quot;:&quot;px&quot;,&quot;size&quot;:10,&quot;sizes&quot;:[]},&quot;columns&quot;:&quot;3&quot;,&quot;columns_tablet&quot;:&quot;2&quot;,&quot;columns_mobile&quot;:&quot;1&quot;,&quot;item_ratio&quot;:{&quot;unit&quot;:&quot;px&quot;,&quot;size&quot;:0.66,&quot;sizes&quot;:[]},&quot;item_gap&quot;:{&quot;unit&quot;:&quot;px&quot;,&quot;size&quot;:&quot;&quot;,&quot;sizes&quot;:[]}}\" data-widget_type=\"portfolio.default\">\n\t\t\t\t<div class=\"elementor-widget-container\">\n\t\t\t\t\t\t\t<div class=\"elementor-portfolio elementor-grid elementor-posts-container\">\n\t\t\t\t<article class=\"elementor-portfolio-item elementor-post  post-1302 page type-page status-publish hentry\">\n\t\t\t<a class=\"elementor-post__thumbnail__link\" href=\"https:\/\/formarch.hu\/hu\/custom-ceiling-solutions\/\">\n\t\t\t\t<div class=\"elementor-portfolio-item__img elementor-post__thumbnail\">\n\t\t\t\t\t<\/div>\n\t\t\t\t<div class=\"elementor-portfolio-item__overlay\">\n\t\t\t\t<h3 class=\"elementor-portfolio-item__title\">\n\t\tEgyedi mennyezeti megold\u00e1sok\t\t<\/h3>\n\t\t\t\t<\/div>\n\t\t\t\t<\/a>\n\t\t<\/article>\n\t\t\t\t<article class=\"elementor-portfolio-item elementor-post  post-1317 page type-page status-publish hentry\">\n\t\t\t<a class=\"elementor-post__thumbnail__link\" href=\"https:\/\/formarch.hu\/hu\/custom-flooring-solutions\/\">\n\t\t\t\t<div class=\"elementor-portfolio-item__img elementor-post__thumbnail\">\n\t\t\t\t\t<\/div>\n\t\t\t\t<div class=\"elementor-portfolio-item__overlay\">\n\t\t\t\t<h3 class=\"elementor-portfolio-item__title\">\n\t\tEgyedi padl\u00f3burkolati megold\u00e1sok\t\t<\/h3>\n\t\t\t\t<\/div>\n\t\t\t\t<\/a>\n\t\t<\/article>\n\t\t\t\t<article class=\"elementor-portfolio-item elementor-post  post-1283 page type-page status-publish hentry\">\n\t\t\t<a class=\"elementor-post__thumbnail__link\" href=\"https:\/\/formarch.hu\/hu\/custom-acoustic-solutions\/\">\n\t\t\t\t<div class=\"elementor-portfolio-item__img elementor-post__thumbnail\">\n\t\t\t\t\t<\/div>\n\t\t\t\t<div class=\"elementor-portfolio-item__overlay\">\n\t\t\t\t<h3 class=\"elementor-portfolio-item__title\">\n\t\tEgyedi akusztikai megold\u00e1sok\t\t<\/h3>\n\t\t\t\t<\/div>\n\t\t\t\t<\/a>\n\t\t<\/article>\n\t\t\t\t<\/div>\n\t\t\t\t\t\t<\/div>\n\t\t\t\t<\/div>\n\t\t\t\t\t<\/div>\n\t\t\t\t<\/div>\n\t\t\t\t<\/div>","protected":false},"excerpt":{"rendered":"<p>Custom Flooring Solutions Where architectural vision meets textile innovation, distinctive and high-performing soft flooring solutions take shape. By combining advanced production technology, bespoke design flexibility, and a strong commitment to sustainability, refined surfaces are created to suit contemporary interiors around the world. Soft flooring with architectural character Samur Carpets provides high-quality wall-to-wall carpets, carpet tiles, [&hellip;]<\/p>","protected":false},"author":4,"featured_media":0,"parent":0,"menu_order":0,"comment_status":"closed","ping_status":"closed","template":"","meta":{"_acf_changed":false,"footnotes":""},"class_list":["post-1317","page","type-page","status-publish","hentry"],"acf":[],"yoast_head":"<!-- This site is optimized with the Yoast SEO plugin v27.0 - https:\/\/yoast.com\/product\/yoast-seo-wordpress\/ -->\n<title>Custom Flooring Solutions - FORMARCH<\/title>\n<meta name=\"robots\" content=\"noindex, follow\" \/>\n<meta property=\"og:locale\" content=\"hu_HU\" \/>\n<meta property=\"og:type\" content=\"article\" \/>\n<meta property=\"og:title\" content=\"Custom Flooring Solutions - FORMARCH\" \/>\n<meta property=\"og:description\" content=\"Custom Flooring Solutions Where architectural vision meets textile innovation, distinctive and high-performing soft flooring solutions take shape. By combining advanced production technology, bespoke design flexibility, and a strong commitment to sustainability, refined surfaces are created to suit contemporary interiors around the world. Soft flooring with architectural character Samur Carpets provides high-quality wall-to-wall carpets, carpet tiles, [&hellip;]\" \/>\n<meta property=\"og:url\" content=\"https:\/\/formarch.hu\/hu\/custom-flooring-solutions\/\" \/>\n<meta property=\"og:site_name\" content=\"FORMARCH\" \/>\n<meta property=\"article:publisher\" content=\"https:\/\/www.facebook.com\/profile.php?id=61587144444090\" \/>\n<meta property=\"article:modified_time\" content=\"2026-03-06T09:59:45+00:00\" \/>\n<meta property=\"og:image\" content=\"https:\/\/formarch.hu\/wp-content\/uploads\/2026\/02\/30af65046bf6cd2c86fda6eaa2ddae22-768x473.jpg\" \/>\n<meta name=\"twitter:card\" content=\"summary_large_image\" \/>\n<meta name=\"twitter:label1\" content=\"Becs\u00fclt olvas\u00e1si id\u0151\" \/>\n\t<meta name=\"twitter:data1\" content=\"5 perc\" \/>\n<script type=\"application\/ld+json\" class=\"yoast-schema-graph\">{\"@context\":\"https:\/\/schema.org\",\"@graph\":[{\"@type\":\"WebPage\",\"@id\":\"https:\/\/formarch.hu\/custom-flooring-solutions\/\",\"url\":\"https:\/\/formarch.hu\/custom-flooring-solutions\/\",\"name\":\"Custom Flooring Solutions - FORMARCH\",\"isPartOf\":{\"@id\":\"https:\/\/formarch.hu\/#website\"},\"primaryImageOfPage\":{\"@id\":\"https:\/\/formarch.hu\/custom-flooring-solutions\/#primaryimage\"},\"image\":{\"@id\":\"https:\/\/formarch.hu\/custom-flooring-solutions\/#primaryimage\"},\"thumbnailUrl\":\"https:\/\/formarch.hu\/wp-content\/uploads\/2026\/02\/30af65046bf6cd2c86fda6eaa2ddae22-768x473.jpg\",\"datePublished\":\"2026-02-23T00:00:49+00:00\",\"dateModified\":\"2026-03-06T09:59:45+00:00\",\"breadcrumb\":{\"@id\":\"https:\/\/formarch.hu\/custom-flooring-solutions\/#breadcrumb\"},\"inLanguage\":\"hu\",\"potentialAction\":[{\"@type\":\"ReadAction\",\"target\":[\"https:\/\/formarch.hu\/custom-flooring-solutions\/\"]}]},{\"@type\":\"ImageObject\",\"inLanguage\":\"hu\",\"@id\":\"https:\/\/formarch.hu\/custom-flooring-solutions\/#primaryimage\",\"url\":\"https:\/\/formarch.hu\/wp-content\/uploads\/2026\/02\/30af65046bf6cd2c86fda6eaa2ddae22-768x473.jpg\",\"contentUrl\":\"https:\/\/formarch.hu\/wp-content\/uploads\/2026\/02\/30af65046bf6cd2c86fda6eaa2ddae22-768x473.jpg\"},{\"@type\":\"BreadcrumbList\",\"@id\":\"https:\/\/formarch.hu\/custom-flooring-solutions\/#breadcrumb\",\"itemListElement\":[{\"@type\":\"ListItem\",\"position\":1,\"name\":\"Kezd\u0151lap\",\"item\":\"https:\/\/formarch.hu\/\"},{\"@type\":\"ListItem\",\"position\":2,\"name\":\"Custom Flooring Solutions\"}]},{\"@type\":\"WebSite\",\"@id\":\"https:\/\/formarch.hu\/#website\",\"url\":\"https:\/\/formarch.hu\/\",\"name\":\"FORMARCH\",\"description\":\"SHAPING MODERN SPACES\",\"publisher\":{\"@id\":\"https:\/\/formarch.hu\/#organization\"},\"potentialAction\":[{\"@type\":\"SearchAction\",\"target\":{\"@type\":\"EntryPoint\",\"urlTemplate\":\"https:\/\/formarch.hu\/?s={search_term_string}\"},\"query-input\":{\"@type\":\"PropertyValueSpecification\",\"valueRequired\":true,\"valueName\":\"search_term_string\"}}],\"inLanguage\":\"hu\"},{\"@type\":\"Organization\",\"@id\":\"https:\/\/formarch.hu\/#organization\",\"name\":\"FORMARCH\",\"url\":\"https:\/\/formarch.hu\/\",\"logo\":{\"@type\":\"ImageObject\",\"inLanguage\":\"hu\",\"@id\":\"https:\/\/formarch.hu\/#\/schema\/logo\/image\/\",\"url\":\"https:\/\/formarch.hu\/wp-content\/uploads\/2026\/01\/FA-logo-black.png\",\"contentUrl\":\"https:\/\/formarch.hu\/wp-content\/uploads\/2026\/01\/FA-logo-black.png\",\"width\":440,\"height\":456,\"caption\":\"FORMARCH\"},\"image\":{\"@id\":\"https:\/\/formarch.hu\/#\/schema\/logo\/image\/\"},\"sameAs\":[\"https:\/\/www.facebook.com\/profile.php?id=61587144444090\",\"https:\/\/www.instagram.com\/formarch.hu\/\",\"https:\/\/www.linkedin.com\/company\/formarch-hu\/\"]}]}<\/script>\n<!-- \/ Yoast SEO plugin. -->","yoast_head_json":{"title":"Custom Flooring Solutions - FORMARCH","robots":{"index":"noindex","follow":"follow"},"og_locale":"hu_HU","og_type":"article","og_title":"Custom Flooring Solutions - FORMARCH","og_description":"Custom Flooring Solutions Where architectural vision meets textile innovation, distinctive and high-performing soft flooring solutions take shape. By combining advanced production technology, bespoke design flexibility, and a strong commitment to sustainability, refined surfaces are created to suit contemporary interiors around the world. Soft flooring with architectural character Samur Carpets provides high-quality wall-to-wall carpets, carpet tiles, [&hellip;]","og_url":"https:\/\/formarch.hu\/hu\/custom-flooring-solutions\/","og_site_name":"FORMARCH","article_publisher":"https:\/\/www.facebook.com\/profile.php?id=61587144444090","article_modified_time":"2026-03-06T09:59:45+00:00","og_image":[{"url":"https:\/\/formarch.hu\/wp-content\/uploads\/2026\/02\/30af65046bf6cd2c86fda6eaa2ddae22-768x473.jpg","type":"","width":"","height":""}],"twitter_card":"summary_large_image","twitter_misc":{"Becs\u00fclt olvas\u00e1si id\u0151":"5 perc"},"schema":{"@context":"https:\/\/schema.org","@graph":[{"@type":"WebPage","@id":"https:\/\/formarch.hu\/custom-flooring-solutions\/","url":"https:\/\/formarch.hu\/custom-flooring-solutions\/","name":"Custom Flooring Solutions - FORMARCH","isPartOf":{"@id":"https:\/\/formarch.hu\/#website"},"primaryImageOfPage":{"@id":"https:\/\/formarch.hu\/custom-flooring-solutions\/#primaryimage"},"image":{"@id":"https:\/\/formarch.hu\/custom-flooring-solutions\/#primaryimage"},"thumbnailUrl":"https:\/\/formarch.hu\/wp-content\/uploads\/2026\/02\/30af65046bf6cd2c86fda6eaa2ddae22-768x473.jpg","datePublished":"2026-02-23T00:00:49+00:00","dateModified":"2026-03-06T09:59:45+00:00","breadcrumb":{"@id":"https:\/\/formarch.hu\/custom-flooring-solutions\/#breadcrumb"},"inLanguage":"hu","potentialAction":[{"@type":"ReadAction","target":["https:\/\/formarch.hu\/custom-flooring-solutions\/"]}]},{"@type":"ImageObject","inLanguage":"hu","@id":"https:\/\/formarch.hu\/custom-flooring-solutions\/#primaryimage","url":"https:\/\/formarch.hu\/wp-content\/uploads\/2026\/02\/30af65046bf6cd2c86fda6eaa2ddae22-768x473.jpg","contentUrl":"https:\/\/formarch.hu\/wp-content\/uploads\/2026\/02\/30af65046bf6cd2c86fda6eaa2ddae22-768x473.jpg"},{"@type":"BreadcrumbList","@id":"https:\/\/formarch.hu\/custom-flooring-solutions\/#breadcrumb","itemListElement":[{"@type":"ListItem","position":1,"name":"Kezd\u0151lap","item":"https:\/\/formarch.hu\/"},{"@type":"ListItem","position":2,"name":"Custom Flooring Solutions"}]},{"@type":"WebSite","@id":"https:\/\/formarch.hu\/#website","url":"https:\/\/formarch.hu\/","name":"FORMARCH","description":"SHAPING MODERN SPACES","publisher":{"@id":"https:\/\/formarch.hu\/#organization"},"potentialAction":[{"@type":"SearchAction","target":{"@type":"EntryPoint","urlTemplate":"https:\/\/formarch.hu\/?s={search_term_string}"},"query-input":{"@type":"PropertyValueSpecification","valueRequired":true,"valueName":"search_term_string"}}],"inLanguage":"hu"},{"@type":"Organization","@id":"https:\/\/formarch.hu\/#organization","name":"FORMARCH","url":"https:\/\/formarch.hu\/","logo":{"@type":"ImageObject","inLanguage":"hu","@id":"https:\/\/formarch.hu\/#\/schema\/logo\/image\/","url":"https:\/\/formarch.hu\/wp-content\/uploads\/2026\/01\/FA-logo-black.png","contentUrl":"https:\/\/formarch.hu\/wp-content\/uploads\/2026\/01\/FA-logo-black.png","width":440,"height":456,"caption":"FORMARCH"},"image":{"@id":"https:\/\/formarch.hu\/#\/schema\/logo\/image\/"},"sameAs":["https:\/\/www.facebook.com\/profile.php?id=61587144444090","https:\/\/www.instagram.com\/formarch.hu\/","https:\/\/www.linkedin.com\/company\/formarch-hu\/"]}]}},"_links":{"self":[{"href":"https:\/\/formarch.hu\/hu\/wp-json\/wp\/v2\/pages\/1317","targetHints":{"allow":["GET"]}}],"collection":[{"href":"https:\/\/formarch.hu\/hu\/wp-json\/wp\/v2\/pages"}],"about":[{"href":"https:\/\/formarch.hu\/hu\/wp-json\/wp\/v2\/types\/page"}],"author":[{"embeddable":true,"href":"https:\/\/formarch.hu\/hu\/wp-json\/wp\/v2\/users\/4"}],"replies":[{"embeddable":true,"href":"https:\/\/formarch.hu\/hu\/wp-json\/wp\/v2\/comments?post=1317"}],"version-history":[{"count":49,"href":"https:\/\/formarch.hu\/hu\/wp-json\/wp\/v2\/pages\/1317\/revisions"}],"predecessor-version":[{"id":1750,"href":"https:\/\/formarch.hu\/hu\/wp-json\/wp\/v2\/pages\/1317\/revisions\/1750"}],"wp:attachment":[{"href":"https:\/\/formarch.hu\/hu\/wp-json\/wp\/v2\/media?parent=1317"}],"curies":[{"name":"munkaf\u00fczet","href":"https:\/\/api.w.org\/{rel}","templated":true}]}}